{"id":1610,"date":"2025-10-29T21:52:02","date_gmt":"2025-10-30T02:52:02","guid":{"rendered":"https:\/\/renovaaconstruction.com\/?page_id=1610"},"modified":"2025-11-08T00:18:45","modified_gmt":"2025-11-08T05:18:45","slug":"terminos-y-condiciones-2","status":"publish","type":"page","link":"https:\/\/renovaaconstruction.com\/en\/terminos-y-condiciones-2\/","title":{"rendered":"Terms and Conditions"},"content":{"rendered":"\t\t<div data-elementor-type=\"wp-page\" data-elementor-id=\"1610\" class=\"elementor elementor-1610\">\n\t\t\t\t<div class=\"elementor-element elementor-element-4d7a526 e-flex e-con-boxed e-con e-parent\" data-id=\"4d7a526\" data-element_type=\"container\" data-e-type=\"container\" data-settings=\"{&quot;background_background&quot;:&quot;classic&quot;}\">\n\t\t\t\t\t<div class=\"e-con-inner\">\n\t\t\t\t<div class=\"elementor-element elementor-element-0a6d9c8 elementor-widget elementor-widget-heading\" data-id=\"0a6d9c8\" data-element_type=\"widget\" data-e-type=\"widget\" data-widget_type=\"heading.default\">\n\t\t\t\t<div class=\"elementor-widget-container\">\n\t\t\t\t\t<h2 class=\"elementor-heading-title elementor-size-default\">T\u00e9rminos y Condiciones<\/h2>\t\t\t\t<\/div>\n\t\t\t\t<\/div>\n\t\t\t\t<div class=\"elementor-element elementor-element-36cafcd elementor-widget elementor-widget-text-editor\" data-id=\"36cafcd\" data-element_type=\"widget\" data-e-type=\"widget\" data-widget_type=\"text-editor.default\">\n\t\t\t\t<div class=\"elementor-widget-container\">\n\t\t\t\t\t\t\t\t\t\n<h3 class=\"wp-block-heading\">\u00a0<\/h3>\n<h3 class=\"wp-block-heading\"><strong>Renova Construction Group<\/strong><\/h3>\n\n<p><strong>Fecha de Vigencia:<\/strong> [22 de octubre de 2025]<\/p>\n\n<p><strong>LEA ESTOS T\u00c9RMINOS Y CONDICIONES CUIDADOSAMENTE ANTES DE USAR ESTE SITIO WEB.<\/strong><\/p>\n\n<h3 class=\"wp-block-heading\">1. Aceptaci\u00f3n de los T\u00e9rminos<\/h3>\n\n<p>Este sitio web, <strong>renovaaconstruction.com<\/strong>, es propiedad y est\u00e1 operado por <strong>Renova Construction Group, LLC<\/strong> (referida como \u00abRenova Construction Group\u00bb, \u00abnosotros\u00bb, \u00abnuestro\u00bb o \u00abla Compa\u00f1\u00eda\u00bb), una Sociedad de Responsabilidad Limitada (LLC) debidamente registrada y con licencia para operar en el estado de Oklahoma, Estados Unidos.<\/p>\n\n<p>Al acceder o utilizar el Sitio, usted acepta estar sujeto a estos T\u00e9rminos y Condiciones, as\u00ed como a nuestra <strong>Pol\u00edtica de Privacidad<\/strong>. Si no est\u00e1 de acuerdo con todos los T\u00e9rminos, no debe acceder ni utilizar el Sitio.<\/p>\n\n<h3 class=\"wp-block-heading\">2. Servicios Proporcionados e Informaci\u00f3n del Sitio<\/h3>\n\n<ul class=\"wp-block-list\">\n<li><strong>Naturaleza de la Informaci\u00f3n:<\/strong> El contenido del Sitio est\u00e1 destinado \u00fanicamente a fines informativos generales sobre nuestros servicios de construcci\u00f3n, remodelaci\u00f3n y reparaci\u00f3n, nuestra experiencia y nuestra ubicaci\u00f3n en Oklahoma.<\/li>\n\n<li><strong>No Asesoramiento Profesional:<\/strong> La informaci\u00f3n en este Sitio <strong>no constituye una oferta de contrato, un presupuesto, asesoramiento legal, financiero o de ingenier\u00eda.<\/strong> Cualquier relaci\u00f3n de trabajo o contrato de servicio se establecer\u00e1 \u00fanicamente a trav\u00e9s de un acuerdo por escrito firmado entre el cliente y Renova Construction Group, LLC.<\/li>\n\n<li><strong>Licencias y Cumplimiento:<\/strong> Renova Construction Group, LLC confirma que posee los permisos y licencias necesarios para operar como empresa de construcci\u00f3n y reparaci\u00f3n en Oklahoma.<\/li>\n<\/ul>\n\n<h3 class=\"wp-block-heading\">3. Propiedad Intelectual<\/h3>\n\n<ul class=\"wp-block-list\">\n<li><strong>Propiedad:<\/strong> Todo el contenido del Sitio, incluyendo textos, gr\u00e1ficos, logotipos, im\u00e1genes, clips de audio, descargas digitales, software y la compilaci\u00f3n de dicho contenido, es propiedad de Renova Construction Group, LLC o de sus proveedores de contenido y est\u00e1 protegido por las leyes de derechos de autor y marcas registradas de EE. UU. e internacionales.<\/li>\n\n<li><strong>Uso Limitado:<\/strong> Se le otorga una licencia limitada para acceder y hacer uso personal no comercial de este Sitio. Esta licencia no incluye la reventa o el uso comercial de este Sitio o de su Contenido.<\/li>\n<\/ul>\n\n<h3 class=\"wp-block-heading\">4. Uso Prohibido del Sitio<\/h3>\n\n<p>Usted acepta no utilizar el Sitio para ning\u00fan prop\u00f3sito ilegal o prohibido por estos T\u00e9rminos. Esto incluye, pero no se limita a:<\/p>\n\n<ul class=\"wp-block-list\">\n<li>Intentar obtener acceso no autorizado a partes del Sitio o sistemas conectados.<\/li>\n\n<li>Usar el Sitio de una manera que pueda da\u00f1ar, deshabilitar, sobrecargar o deteriorar cualquier servidor de la Compa\u00f1\u00eda o las redes conectadas.<\/li>\n\n<li>Recopilar o recolectar informaci\u00f3n personal de otros Usuarios.<\/li>\n\n<li>Publicar o transmitir cualquier material ilegal, amenazante, difamatorio, obsceno o de otro modo objetable.<\/li>\n<\/ul>\n\n<h3 class=\"wp-block-heading\">5. Enlaces a Sitios Web de Terceros<\/h3>\n\n<p>El Sitio puede contener enlaces a otros sitios web. Los Sitios Enlazados no est\u00e1n bajo el control de Renova Construction Group y no somos responsables del contenido de ning\u00fan Sitio Enlazado. Estos enlaces se proporcionan \u00fanicamente para su conveniencia.<\/p>\n\n<h3 class=\"wp-block-heading\">6. Limitaci\u00f3n de Responsabilidad y Descargo de Garant\u00edas<\/h3>\n\n<ul class=\"wp-block-list\">\n<li><strong>Descargo de Garant\u00edas:<\/strong> El Sitio y todo su contenido se proporcionan \u00abtal cual\u00bb y \u00abseg\u00fan disponibilidad\u00bb sin garant\u00edas de ning\u00fan tipo, ya sean expresas o impl\u00edcitas. Renova Construction Group renuncia a todas las garant\u00edas, incluidas, entre otras, las garant\u00edas impl\u00edcitas de comerciabilidad, idoneidad para un prop\u00f3sito particular y no infracci\u00f3n.<\/li>\n\n<li><strong>Limitaci\u00f3n de Responsabilidad:<\/strong> En la m\u00e1xima medida permitida por la ley aplicable, Renova Construction Group, LLC no ser\u00e1 responsable por da\u00f1os indirectos, incidentales, especiales, consecuentes o punitivos, o por cualquier p\u00e9rdida de ganancias o ingresos, ya sea incurrida directa o indirectamente, o cualquier p\u00e9rdida de datos, uso, buena voluntad u otras p\u00e9rdidas intangibles resultantes de (a) su acceso o uso o incapacidad para acceder o usar el Sitio; (b) cualquier conducta o contenido de terceros en el Sitio.<\/li>\n\n<li><strong>Disposiciones de Contrato:<\/strong> Cualquier garant\u00eda relacionada con los servicios de construcci\u00f3n o reparaci\u00f3n ser\u00e1 proporcionada \u00fanicamente en el <strong>Contrato de Servicios<\/strong> formal y por escrito que se acuerde con el cliente.<\/li>\n<\/ul>\n\n<h3 class=\"wp-block-heading\">7. Indemnizaci\u00f3n<\/h3>\n\n<p>Usted acepta indemnizar, defender y eximir de responsabilidad a Renova Construction Group, LLC y a sus directores, oficiales, empleados, consultores y agentes de cualquier y toda p\u00e9rdida, responsabilidad, reclamo, demanda, da\u00f1os, costos y gastos (incluidos los honorarios razonables de abogados) que surjan de o est\u00e9n relacionados con: (a) su uso del Sitio; (b) su violaci\u00f3n de estos T\u00e9rminos; o (c) su violaci\u00f3n de cualquier derecho de terceros.<\/p>\n\n<h3 class=\"wp-block-heading\">8. Ley Aplicable y Jurisdicci\u00f3n<\/h3>\n\n<p>Estos T\u00e9rminos se regir\u00e1n e interpretar\u00e1n de acuerdo con las <strong>leyes del Estado de Oklahoma<\/strong>, sin dar efecto a ning\u00fan principio de conflicto de leyes. Usted acepta someterse a la jurisdicci\u00f3n personal y exclusiva de los tribunales ubicados en [<strong>Yukon<\/strong>] para la resoluci\u00f3n de cualquier disputa que surja de estos T\u00e9rminos o est\u00e9 relacionada con el Sitio.<\/p>\n\n<h3 class=\"wp-block-heading\">9. Cambios a los T\u00e9rminos<\/h3>\n\n<p>Renova Construction Group se reserva el derecho, a su sola discreci\u00f3n, de modificar o reemplazar estos T\u00e9rminos en cualquier momento. El uso continuado del Sitio despu\u00e9s de la publicaci\u00f3n de los T\u00e9rminos revisados constituir\u00e1 su aceptaci\u00f3n de los cambios.<\/p>\n\n<h3 class=\"wp-block-heading\">10. Informaci\u00f3n de Contacto<\/h3>\n\n<p>Si tiene preguntas o comentarios sobre estos T\u00e9rminos, comun\u00edquese con nosotros a:<\/p>\n\n<ul class=\"wp-block-list\">\n<li><strong>Renova Construction Group, LLC<\/strong><\/li>\n\n<li><strong>Correo Electr\u00f3nico:<\/strong> renovagroupconstruction@gmail.com<\/li>\n\n<li><strong>Direcci\u00f3n Registrada:<\/strong> [<strong>2737 NW 140TH ST, 112 OKLAHOMA CITY, OK 73134 USA<\/strong>]<\/li>\n\n<li><strong>Jurisdicci\u00f3n:<\/strong> Oklahoma, EE. UU.<\/li>\n<\/ul>\n\t\t\t\t\t\t\t\t<\/div>\n\t\t\t\t<\/div>\n\t\t\t\t\t<\/div>\n\t\t\t\t<\/div>\n\t\t\t\t<\/div>\n\t\t","protected":false},"excerpt":{"rendered":"<p>T\u00e9rminos y Condiciones \u00a0 Renova Construction Group Fecha de Vigencia: [22 de octubre de 2025] LEA ESTOS T\u00c9RMINOS Y CONDICIONES CUIDADOSAMENTE ANTES DE USAR ESTE SITIO WEB. 1. Aceptaci\u00f3n de los T\u00e9rminos Este sitio web, renovaaconstruction.com, es propiedad y est\u00e1 operado por Renova Construction Group, LLC (referida como \u00abRenova Construction Group\u00bb, \u00abnosotros\u00bb, \u00abnuestro\u00bb o \u00abla [&hellip;]<\/p>\n","protected":false},"author":1,"featured_media":0,"parent":0,"menu_order":0,"comment_status":"closed","ping_status":"closed","template":"elementor_canvas","meta":{"site-sidebar-layout":"default","site-content-layout":"","ast-site-content-layout":"default","site-content-style":"default","site-sidebar-style":"default","ast-global-header-display":"","ast-banner-title-visibility":"","ast-main-header-display":"","ast-hfb-above-header-display":"","ast-hfb-below-header-display":"","ast-hfb-mobile-header-display":"","site-post-title":"","ast-breadcrumbs-content":"","ast-featured-img":"","footer-sml-layout":"","ast-disable-related-posts":"","theme-transparent-header-meta":"enabled","adv-header-id-meta":"","stick-header-meta":"","header-above-stick-meta":"","header-main-stick-meta":"","header-below-stick-meta":"","astra-migrate-meta-layouts":"set","ast-page-background-enabled":"default","ast-page-background-meta":{"desktop":{"background-color":"var(--ast-global-color-4)","background-image":"","background-repeat":"repeat","background-position":"center center","background-size":"auto","background-attachment":"scroll","background-type":"","background-media":"","overlay-type":"","overlay-color":"","overlay-opacity":"","overlay-gradient":""},"tablet":{"background-color":"","background-image":"","background-repeat":"repeat","background-position":"center center","background-size":"auto","background-attachment":"scroll","background-type":"","background-media":"","overlay-type":"","overlay-color":"","overlay-opacity":"","overlay-gradient":""},"mobile":{"background-color":"","background-image":"","background-repeat":"repeat","background-position":"center center","background-size":"auto","background-attachment":"scroll","background-type":"","background-media":"","overlay-type":"","overlay-color":"","overlay-opacity":"","overlay-gradient":""}},"ast-content-background-meta":{"desktop":{"background-color":"var(--ast-global-color-5)","background-image":"","background-repeat":"repeat","background-position":"center center","background-size":"auto","background-attachment":"scroll","background-type":"","background-media":"","overlay-type":"","overlay-color":"","overlay-opacity":"","overlay-gradient":""},"tablet":{"background-color":"var(--ast-global-color-5)","background-image":"","background-repeat":"repeat","background-position":"center center","background-size":"auto","background-attachment":"scroll","background-type":"","background-media":"","overlay-type":"","overlay-color":"","overlay-opacity":"","overlay-gradient":""},"mobile":{"background-color":"var(--ast-global-color-5)","background-image":"","background-repeat":"repeat","background-position":"center center","background-size":"auto","background-attachment":"scroll","background-type":"","background-media":"","overlay-type":"","overlay-color":"","overlay-opacity":"","overlay-gradient":""}},"_joinchat":[],"footnotes":""},"class_list":["post-1610","page","type-page","status-publish","hentry"],"_hostinger_reach_plugin_has_subscription_block":false,"_hostinger_reach_plugin_is_elementor":false,"_links":{"self":[{"href":"https:\/\/renovaaconstruction.com\/en\/wp-json\/wp\/v2\/pages\/1610","targetHints":{"allow":["GET"]}}],"collection":[{"href":"https:\/\/renovaaconstruction.com\/en\/wp-json\/wp\/v2\/pages"}],"about":[{"href":"https:\/\/renovaaconstruction.com\/en\/wp-json\/wp\/v2\/types\/page"}],"author":[{"embeddable":true,"href":"https:\/\/renovaaconstruction.com\/en\/wp-json\/wp\/v2\/users\/1"}],"replies":[{"embeddable":true,"href":"https:\/\/renovaaconstruction.com\/en\/wp-json\/wp\/v2\/comments?post=1610"}],"version-history":[{"count":32,"href":"https:\/\/renovaaconstruction.com\/en\/wp-json\/wp\/v2\/pages\/1610\/revisions"}],"predecessor-version":[{"id":1735,"href":"https:\/\/renovaaconstruction.com\/en\/wp-json\/wp\/v2\/pages\/1610\/revisions\/1735"}],"wp:attachment":[{"href":"https:\/\/renovaaconstruction.com\/en\/wp-json\/wp\/v2\/media?parent=1610"}],"curies":[{"name":"wp","href":"https:\/\/api.w.org\/{rel}","templated":true}]}}