{"id":1632,"date":"2025-10-29T22:21:01","date_gmt":"2025-10-30T03:21:01","guid":{"rendered":"https:\/\/renovaaconstruction.com\/?page_id=1632"},"modified":"2025-11-08T00:38:16","modified_gmt":"2025-11-08T05:38:16","slug":"politicas-de-privacidad","status":"publish","type":"page","link":"https:\/\/renovaaconstruction.com\/en\/politicas-de-privacidad\/","title":{"rendered":"Pol\u00edticas de privacidad"},"content":{"rendered":"\t\t<div data-elementor-type=\"wp-page\" data-elementor-id=\"1632\" class=\"elementor elementor-1632\">\n\t\t\t\t<div class=\"elementor-element elementor-element-46d4f525 e-flex e-con-boxed e-con e-parent\" data-id=\"46d4f525\" data-element_type=\"container\" data-e-type=\"container\" data-settings=\"{&quot;background_background&quot;:&quot;classic&quot;}\">\n\t\t\t\t\t<div class=\"e-con-inner\">\n\t\t\t\t<div class=\"elementor-element elementor-element-b7cfa5f elementor-widget elementor-widget-heading\" data-id=\"b7cfa5f\" data-element_type=\"widget\" data-e-type=\"widget\" data-widget_type=\"heading.default\">\n\t\t\t\t<div class=\"elementor-widget-container\">\n\t\t\t\t\t<h2 class=\"elementor-heading-title elementor-size-default\">Pol\u00edticas de Privacidad <\/h2>\t\t\t\t<\/div>\n\t\t\t\t<\/div>\n\t\t\t\t<div class=\"elementor-element elementor-element-4fd8a105 elementor-widget elementor-widget-text-editor\" data-id=\"4fd8a105\" data-element_type=\"widget\" data-e-type=\"widget\" data-widget_type=\"text-editor.default\">\n\t\t\t\t<div class=\"elementor-widget-container\">\n\t\t\t\t\t\t\t\t\t<h3 class=\"wp-block-heading\"><strong>Renova Construction Group, LLC<\/strong><\/h3>\n<p><!-- \/wp:heading --><!-- wp:paragraph --><\/p>\n<p><strong>Fecha de Vigencia:<\/strong> [22 de octubre de 2025]<\/p>\n<p><!-- \/wp:paragraph --><!-- wp:heading {\"level\":3} --><\/p>\n<h3 class=\"wp-block-heading\">1. Introducci\u00f3n<\/h3>\n<p><!-- \/wp:heading --><!-- wp:paragraph --><\/p>\n<p><strong>Renova Construction Group, LLC<\/strong> (\u00abRenova Construction Group\u00bb, \u00abnosotros\u00bb, \u00abnuestro\u00bb o \u00abla Compa\u00f1\u00eda\u00bb) valora su privacidad y se compromete a proteger la informaci\u00f3n personal que recopilamos. Esta Pol\u00edtica de Privacidad describe c\u00f3mo recopilamos, utilizamos, divulgamos y protegemos la informaci\u00f3n cuando usted visita nuestro sitio web, <strong>renovaaconstruction.com<\/strong><\/p>\n<p><!-- \/wp:paragraph --><!-- wp:paragraph --><\/p>\n<p>Al utilizar el Sitio, usted acepta las pr\u00e1cticas de recopilaci\u00f3n y uso de informaci\u00f3n descritas en esta Pol\u00edtica de Privacidad.<\/p>\n<p><!-- \/wp:paragraph --><!-- wp:heading {\"level\":3} --><\/p>\n<h3 class=\"wp-block-heading\">2. Informaci\u00f3n que Recopilamos<\/h3>\n<p><!-- \/wp:heading --><!-- wp:paragraph --><\/p>\n<p>Recopilamos varios tipos de informaci\u00f3n de y sobre los Usuarios de nuestro Sitio para proporcionar, mejorar y gestionar nuestros servicios. Esta informaci\u00f3n se divide en las siguientes categor\u00edas:<\/p>\n<p><!-- \/wp:paragraph --><!-- wp:heading {\"level\":4} --><\/p>\n<h4 class=\"wp-block-heading\">2.1. Informaci\u00f3n de Contacto y Proyectos (Informaci\u00f3n Proporcionada por Usted)<\/h4>\n<p><!-- \/wp:heading --><!-- wp:paragraph --><\/p>\n<p>Recopilamos la informaci\u00f3n que usted nos proporciona voluntariamente a trav\u00e9s de formularios en el Sitio, correos electr\u00f3nicos o llamadas telef\u00f3nicas. Esta informaci\u00f3n es esencial para poder evaluar sus necesidades y comunicarnos con usted:<\/p>\n<p><!-- \/wp:paragraph --><!-- wp:list --><\/p>\n<ul class=\"wp-block-list\">\n<li style=\"list-style-type: none;\">\n<ul class=\"wp-block-list\"><!-- wp:list-item --><\/ul>\n<\/li>\n<\/ul>\n<p>\u00a0<\/p>\n<ul class=\"wp-block-list\">\n<li style=\"list-style-type: none;\">\n<ul class=\"wp-block-list\">\n<li><strong>Datos de Contacto:<\/strong> Incluyen su <strong>nombre<\/strong>, <strong>direcci\u00f3n de correo electr\u00f3nico<\/strong> (como cuando utiliza\n<div class=\"VoqD8\">\n<div class=\"eYSAde\">renovagroupconstruction@gmail.com<span style=\"font-size: 16px;\">), <\/span><strong style=\"font-size: 16px;\">n\u00famero de tel\u00e9fono<\/strong><span style=\"font-size: 16px;\"> y <\/span><strong style=\"font-size: 16px;\">direcci\u00f3n postal<\/strong><span style=\"font-size: 16px;\"> o de facturaci\u00f3n.<\/span><\/div>\n<\/div>\n<\/li>\n<\/ul>\n<\/li>\n<\/ul>\n<p><!-- \/wp:list-item --><!-- wp:list-item --><\/p>\n<ul class=\"wp-block-list\">\n<li style=\"list-style-type: none;\">\n<ul class=\"wp-block-list\">\n<li><strong>Informaci\u00f3n del Proyecto:<\/strong> Recopilamos detalles sobre sus necesidades de construcci\u00f3n, remodelaci\u00f3n o reparaci\u00f3n. Esto incluye la <strong>ubicaci\u00f3n espec\u00edfica del proyecto<\/strong> (direcci\u00f3n de la propiedad), una <strong>descripci\u00f3n del alcance del trabajo solicitado<\/strong> y cualquier otra informaci\u00f3n relevante para proporcionarle una estimaci\u00f3n o presupuesto.<\/li>\n<\/ul>\n<\/li>\n<\/ul>\n<p><!-- \/wp:list-item --><\/p>\n<p><!-- \/wp:list --><!-- wp:heading {\"level\":4} --><\/p>\n<h4 class=\"wp-block-heading\">2.2. Datos de Uso y T\u00e9cnicos (Informaci\u00f3n Recopilada Autom\u00e1ticamente)<\/h4>\n<p><!-- \/wp:heading --><!-- wp:paragraph --><\/p>\n<p>Cuando accede o utiliza el Sitio, podemos recopilar autom\u00e1ticamente cierta informaci\u00f3n sobre su dispositivo y su actividad de navegaci\u00f3n. Esta informaci\u00f3n nos ayuda a mantener y mejorar nuestro servicio:<\/p>\n<p><!-- \/wp:paragraph --><!-- wp:list --><\/p>\n<ul class=\"wp-block-list\">\n<li style=\"list-style-type: none;\">\n<ul class=\"wp-block-list\"><!-- wp:list-item --><\/ul>\n<\/li>\n<\/ul>\n<p>\u00a0<\/p>\n<ul class=\"wp-block-list\">\n<li style=\"list-style-type: none;\">\n<ul class=\"wp-block-list\">\n<li><strong>Datos de Uso:<\/strong> Informaci\u00f3n sobre c\u00f3mo accede y utiliza el Sitio, incluyendo las <strong>p\u00e1ginas espec\u00edficas que visita<\/strong>, la <strong>hora y fecha de su visita<\/strong>, el <strong>tiempo dedicado a esas p\u00e1ginas<\/strong>, y las p\u00e1ginas web de referencia.<\/li>\n<\/ul>\n<\/li>\n<\/ul>\n<p><!-- \/wp:list-item --><!-- wp:list-item --><\/p>\n<ul class=\"wp-block-list\">\n<li style=\"list-style-type: none;\">\n<ul class=\"wp-block-list\">\n<li><strong>Datos del Dispositivo:<\/strong> Recopilamos el <strong>tipo de navegador<\/strong> que utiliza, su <strong>direcci\u00f3n de Protocolo de Internet (IP)<\/strong> y, en algunos casos, datos de diagn\u00f3stico.<\/li>\n<\/ul>\n<\/li>\n<\/ul>\n<p><!-- \/wp:list-item --><\/p>\n<p><!-- \/wp:list --><!-- wp:heading {\"level\":4} --><\/p>\n<h4 class=\"wp-block-heading\">2.3. Datos de Cookies y Seguimiento<\/h4>\n<p><!-- \/wp:heading --><!-- wp:paragraph --><\/p>\n<p>Utilizamos cookies y tecnolog\u00edas de seguimiento similares para rastrear la actividad en nuestro Sitio y mantener cierta informaci\u00f3n. Las cookies son peque\u00f1os archivos de datos almacenados en su dispositivo. Puede indicarle a su navegador que rechace todas las cookies o que le avise cuando se env\u00eda una cookie, aunque esto puede afectar la funcionalidad del Sitio.<\/p>\n<p><!-- \/wp:paragraph --><!-- wp:heading {\"level\":3} --><\/p>\n<h3 class=\"wp-block-heading\">3. C\u00f3mo Utilizamos Su Informaci\u00f3n<\/h3>\n<p><!-- \/wp:heading --><!-- wp:paragraph --><\/p>\n<p>Renova Construction Group utiliza la informaci\u00f3n recopilada para diversos fines, entre ellos:<\/p>\n<p><!-- \/wp:paragraph --><!-- wp:list --><\/p>\n<ul class=\"wp-block-list\">\n<li style=\"list-style-type: none;\">\n<ul class=\"wp-block-list\"><!-- wp:list-item --><\/ul>\n<\/li>\n<\/ul>\n<p>\u00a0<\/p>\n<ul class=\"wp-block-list\">\n<li style=\"list-style-type: none;\">\n<ul class=\"wp-block-list\">\n<li><strong>Para Proporcionar Servicios:<\/strong> Responder a sus consultas y solicitudes de estimaciones de proyectos o informaci\u00f3n.<\/li>\n<\/ul>\n<\/li>\n<\/ul>\n<p><!-- \/wp:list-item --><!-- wp:list-item --><\/p>\n<ul class=\"wp-block-list\">\n<li style=\"list-style-type: none;\">\n<ul class=\"wp-block-list\">\n<li><strong>Para la Comunicaci\u00f3n:<\/strong> Enviarle comunicaciones de marketing o promocionales (si ha optado por recibirlas) y responder a sus correos electr\u00f3nicos.<\/li>\n<\/ul>\n<\/li>\n<\/ul>\n<p><!-- \/wp:list-item --><!-- wp:list-item --><\/p>\n<ul class=\"wp-block-list\">\n<li style=\"list-style-type: none;\">\n<ul class=\"wp-block-list\">\n<li><strong>Para el Mantenimiento del Sitio:<\/strong> Monitorear el uso del Sitio y garantizar que funcione de manera efectiva y segura.<\/li>\n<\/ul>\n<\/li>\n<\/ul>\n<p><!-- \/wp:list-item --><!-- wp:list-item --><\/p>\n<ul class=\"wp-block-list\">\n<li style=\"list-style-type: none;\">\n<ul class=\"wp-block-list\">\n<li><strong>Para Cumplimiento Legal:<\/strong> Cumplir con nuestras obligaciones legales y contractuales.<\/li>\n<\/ul>\n<\/li>\n<\/ul>\n<p><!-- \/wp:list-item --><\/p>\n<p><!-- \/wp:list --><!-- wp:heading {\"level\":3} --><\/p>\n<h3 class=\"wp-block-heading\">4. Uso de Cookies y Tecnolog\u00edas de Seguimiento<\/h3>\n<p><!-- \/wp:heading --><!-- wp:paragraph --><\/p>\n<p>El Sitio utiliza \u00abcookies\u00bb para ayudar a personalizar su experiencia en l\u00ednea. Las cookies se utilizan para mejorar la funcionalidad del sitio y el an\u00e1lisis del rendimiento. Usted tiene la opci\u00f3n de aceptar o rechazar las cookies. Si decide rechazar las cookies, es posible que no pueda experimentar completamente las funciones interactivas del Sitio.<\/p>\n<p><!-- \/wp:paragraph --><!-- wp:heading {\"level\":3} --><\/p>\n<h3 class=\"wp-block-heading\">5. Intercambio y Divulgaci\u00f3n de Informaci\u00f3n<\/h3>\n<p><!-- \/wp:heading --><!-- wp:paragraph --><\/p>\n<p>Renova Construction Group se compromete a no vender, alquilar o arrendar su informaci\u00f3n personal a terceros. Podemos compartir su informaci\u00f3n con:<\/p>\n<p><!-- \/wp:paragraph --><!-- wp:list --><\/p>\n<ul class=\"wp-block-list\">\n<li style=\"list-style-type: none;\">\n<ul class=\"wp-block-list\"><!-- wp:list-item --><\/ul>\n<\/li>\n<\/ul>\n<p>\u00a0<\/p>\n<ul class=\"wp-block-list\">\n<li style=\"list-style-type: none;\">\n<ul class=\"wp-block-list\">\n<li><strong>Proveedores de Servicios:<\/strong> Terceros de confianza que realizan servicios en nuestro nombre (ej. alojamiento web, an\u00e1lisis de datos, servicios de correo electr\u00f3nico). Estos terceros tienen acceso a su informaci\u00f3n solo para realizar estas tareas y est\u00e1n obligados a no divulgarla ni utilizarla para ning\u00fan otro prop\u00f3sito.<\/li>\n<\/ul>\n<\/li>\n<\/ul>\n<p><!-- \/wp:list-item --><!-- wp:list-item --><\/p>\n<ul class=\"wp-block-list\">\n<li style=\"list-style-type: none;\">\n<ul class=\"wp-block-list\">\n<li><strong>Fines Legales:<\/strong> Cuando lo exija la ley, orden judicial, citaci\u00f3n, o en respuesta a una solicitud legal v\u00e1lida de las autoridades.<\/li>\n<\/ul>\n<\/li>\n<\/ul>\n<p><!-- \/wp:list-item --><!-- wp:list-item --><\/p>\n<ul class=\"wp-block-list\">\n<li style=\"list-style-type: none;\">\n<ul class=\"wp-block-list\">\n<li><strong>Transferencia de Negocios:<\/strong> En relaci\u00f3n con una fusi\u00f3n, venta de activos de la empresa, financiaci\u00f3n o adquisici\u00f3n de la totalidad o una parte de nuestro negocio por otra empresa.<\/li>\n<\/ul>\n<\/li>\n<\/ul>\n<p><!-- \/wp:list-item --><\/p>\n<p><!-- \/wp:list --><!-- wp:heading {\"level\":3} --><\/p>\n<h3 class=\"wp-block-heading\">6. Seguridad de la Informaci\u00f3n<\/h3>\n<p><!-- \/wp:heading --><!-- wp:paragraph --><\/p>\n<p>Nos esforzamos por proteger su informaci\u00f3n personal. Utilizamos medidas de seguridad f\u00edsicas, electr\u00f3nicas y administrativas est\u00e1ndar de la industria para ayudar a proteger contra el acceso no autorizado, la p\u00e9rdida o la alteraci\u00f3n de la informaci\u00f3n personal que recopilamos.<\/p>\n<p><!-- \/wp:paragraph --><!-- wp:paragraph --><\/p>\n<p><strong>Nota:<\/strong> Ning\u00fan m\u00e9todo de transmisi\u00f3n por Internet o m\u00e9todo de almacenamiento electr\u00f3nico es 100% seguro. Por lo tanto, aunque nos esforzamos por utilizar medios comercialmente aceptables para proteger su informaci\u00f3n personal, no podemos garantizar su seguridad absoluta.<\/p>\n<p><!-- \/wp:paragraph --><!-- wp:heading {\"level\":3} --><\/p>\n<h3 class=\"wp-block-heading\">7. Enlaces a Otros Sitios Web<\/h3>\n<p><!-- \/wp:heading --><!-- wp:paragraph --><\/p>\n<p>Nuestro Sitio puede contener enlaces a otros sitios que no son operados por nosotros. Si hace clic en un enlace de un tercero, ser\u00e1 dirigido al sitio de ese tercero. Le recomendamos encarecidamente que revise la Pol\u00edtica de Privacidad de cada sitio que visite. No tenemos control ni asumimos ninguna responsabilidad por el contenido, las pol\u00edticas de privacidad o las pr\u00e1cticas de los sitios o servicios de terceros.<\/p>\n<p><!-- \/wp:paragraph --><!-- wp:heading {\"level\":3} --><\/p>\n<h3 class=\"wp-block-heading\">8. Privacidad de los Ni\u00f1os (COPPA)<\/h3>\n<p><!-- \/wp:heading --><!-- wp:paragraph --><\/p>\n<p>Nuestro Sitio no est\u00e1 dirigido a personas menores de 13 a\u00f1os (<strong>\u00abNi\u00f1os\u00bb<\/strong>). No recopilamos intencionadamente informaci\u00f3n de identificaci\u00f3n personal de Ni\u00f1os. Si usted es padre o tutor y sabe que su Hijo nos ha proporcionado Datos Personales, p\u00f3ngase en contacto con nosotros. Si nos damos cuenta de que hemos recopilado Datos Personales de Ni\u00f1os sin verificaci\u00f3n del consentimiento de los padres, tomaremos medidas para eliminar esa informaci\u00f3n de nuestros servidores.<\/p>\n<p><!-- \/wp:paragraph --><!-- wp:heading {\"level\":3} --><\/p>\n<h3 class=\"wp-block-heading\">9. Sus Derechos de Privacidad en EE. UU.<\/h3>\n<p><!-- \/wp:heading --><!-- wp:list --><\/p>\n<ul class=\"wp-block-list\">\n<li style=\"list-style-type: none;\">\n<ul class=\"wp-block-list\"><!-- wp:list-item --><\/ul>\n<\/li>\n<\/ul>\n<p>\u00a0<\/p>\n<ul class=\"wp-block-list\">\n<li style=\"list-style-type: none;\">\n<ul class=\"wp-block-list\">\n<li><strong>Derechos de No Seguimiento de California (Do Not Track):<\/strong> No alteramos nuestras pr\u00e1cticas de recopilaci\u00f3n y uso de datos cuando detectamos una se\u00f1al de \u00abNo Rastrear\u00bb de su navegador.<\/li>\n<\/ul>\n<\/li>\n<\/ul>\n<p><!-- \/wp:list-item --><!-- wp:list-item --><\/p>\n<ul class=\"wp-block-list\">\n<li style=\"list-style-type: none;\">\n<ul class=\"wp-block-list\">\n<li><strong>Residencia en Oklahoma\/EE. UU.:<\/strong> Aunque Oklahoma no tiene una ley de privacidad integral a nivel estatal como la CCPA de California, respetamos sus derechos bajo las leyes federales aplicables. Si tiene preguntas sobre sus datos, cont\u00e1ctenos utilizando la informaci\u00f3n proporcionada a continuaci\u00f3n.<\/li>\n<\/ul>\n<\/li>\n<\/ul>\n<p><!-- \/wp:list-item --><\/p>\n<p><!-- \/wp:list --><!-- wp:heading {\"level\":3} --><\/p>\n<h3 class=\"wp-block-heading\">10. Cambios a Esta Pol\u00edtica de Privacidad<\/h3>\n<p><!-- \/wp:heading --><!-- wp:paragraph --><\/p>\n<p>Podemos actualizar nuestra Pol\u00edtica de Privacidad de vez en cuando. Le notificaremos cualquier cambio publicando la nueva Pol\u00edtica de Privacidad en esta p\u00e1gina. Se le aconseja revisar esta Pol\u00edtica de Privacidad peri\u00f3dicamente para cualquier cambio. Los cambios a esta Pol\u00edtica de Privacidad son efectivos cuando se publican en esta p\u00e1gina.<\/p>\n<p><!-- \/wp:paragraph --><!-- wp:heading {\"level\":3} --><\/p>\n<h3 class=\"wp-block-heading\">11. Contacto<\/h3>\n<p><!-- \/wp:heading --><!-- wp:paragraph --><\/p>\n<p>Si tiene alguna pregunta sobre esta Pol\u00edtica de Privacidad o el manejo de su informaci\u00f3n personal, comun\u00edquese con nosotros:<\/p>\n<p><!-- \/wp:paragraph --><!-- wp:list --><\/p>\n<ul class=\"wp-block-list\">\n<li style=\"list-style-type: none;\">\n<ul class=\"wp-block-list\"><!-- wp:list-item --><\/ul>\n<\/li>\n<\/ul>\n<p>\u00a0<\/p>\n<ul class=\"wp-block-list\">\n<li style=\"list-style-type: none;\">\n<ul class=\"wp-block-list\">\n<li><strong>Correo Electr\u00f3nico:<\/strong> renovagroupconstruction@gmail.com<\/li>\n<\/ul>\n<\/li>\n<\/ul>\n<p><!-- \/wp:list-item --><!-- wp:list-item --><\/p>\n<ul class=\"wp-block-list\">\n<li style=\"list-style-type: none;\">\n<ul class=\"wp-block-list\">\n<li><strong>Renova Construction Group, LLC<\/strong><\/li>\n<\/ul>\n<\/li>\n<\/ul>\n<p><!-- \/wp:list-item --><!-- wp:list-item --><\/p>\n<ul class=\"wp-block-list\">\n<li style=\"list-style-type: none;\">\n<ul class=\"wp-block-list\">\n<li><strong>Jurisdicci\u00f3n:<\/strong> Oklahoma, EE. UU.<\/li>\n<\/ul>\n<\/li>\n<\/ul>\n<p><!-- \/wp:list-item --><\/p>\n<p><!-- \/wp:list --><!-- wp:paragraph --><\/p>\n<p><!-- \/wp:paragraph --><\/p>\t\t\t\t\t\t\t\t<\/div>\n\t\t\t\t<\/div>\n\t\t\t\t\t<\/div>\n\t\t\t\t<\/div>\n\t\t\t\t<\/div>\n\t\t","protected":false},"excerpt":{"rendered":"<p>Pol\u00edticas de Privacidad Renova Construction Group, LLC Fecha de Vigencia: [22 de octubre de 2025] 1. Introducci\u00f3n Renova Construction Group, LLC (\u00abRenova Construction Group\u00bb, \u00abnosotros\u00bb, \u00abnuestro\u00bb o \u00abla Compa\u00f1\u00eda\u00bb) valora su privacidad y se compromete a proteger la informaci\u00f3n personal que recopilamos. Esta Pol\u00edtica de Privacidad describe c\u00f3mo recopilamos, utilizamos, divulgamos y protegemos la informaci\u00f3n [&hellip;]<\/p>\n","protected":false},"author":1,"featured_media":0,"parent":0,"menu_order":0,"comment_status":"closed","ping_status":"closed","template":"elementor_canvas","meta":{"site-sidebar-layout":"default","site-content-layout":"","ast-site-content-layout":"default","site-content-style":"default","site-sidebar-style":"default","ast-global-header-display":"","ast-banner-title-visibility":"","ast-main-header-display":"","ast-hfb-above-header-display":"","ast-hfb-below-header-display":"","ast-hfb-mobile-header-display":"","site-post-title":"","ast-breadcrumbs-content":"","ast-featured-img":"","footer-sml-layout":"","ast-disable-related-posts":"","theme-transparent-header-meta":"enabled","adv-header-id-meta":"","stick-header-meta":"","header-above-stick-meta":"","header-main-stick-meta":"","header-below-stick-meta":"","astra-migrate-meta-layouts":"set","ast-page-background-enabled":"default","ast-page-background-meta":{"desktop":{"background-color":"var(--ast-global-color-4)","background-image":"","background-repeat":"repeat","background-position":"center center","background-size":"auto","background-attachment":"scroll","background-type":"","background-media":"","overlay-type":"","overlay-color":"","overlay-opacity":"","overlay-gradient":""},"tablet":{"background-color":"","background-image":"","background-repeat":"repeat","background-position":"center center","background-size":"auto","background-attachment":"scroll","background-type":"","background-media":"","overlay-type":"","overlay-color":"","overlay-opacity":"","overlay-gradient":""},"mobile":{"background-color":"","background-image":"","background-repeat":"repeat","background-position":"center center","background-size":"auto","background-attachment":"scroll","background-type":"","background-media":"","overlay-type":"","overlay-color":"","overlay-opacity":"","overlay-gradient":""}},"ast-content-background-meta":{"desktop":{"background-color":"var(--ast-global-color-5)","background-image":"","background-repeat":"repeat","background-position":"center center","background-size":"auto","background-attachment":"scroll","background-type":"","background-media":"","overlay-type":"","overlay-color":"","overlay-opacity":"","overlay-gradient":""},"tablet":{"background-color":"var(--ast-global-color-5)","background-image":"","background-repeat":"repeat","background-position":"center center","background-size":"auto","background-attachment":"scroll","background-type":"","background-media":"","overlay-type":"","overlay-color":"","overlay-opacity":"","overlay-gradient":""},"mobile":{"background-color":"var(--ast-global-color-5)","background-image":"","background-repeat":"repeat","background-position":"center center","background-size":"auto","background-attachment":"scroll","background-type":"","background-media":"","overlay-type":"","overlay-color":"","overlay-opacity":"","overlay-gradient":""}},"_joinchat":[],"footnotes":""},"class_list":["post-1632","page","type-page","status-publish","hentry"],"_hostinger_reach_plugin_has_subscription_block":false,"_hostinger_reach_plugin_is_elementor":false,"_links":{"self":[{"href":"https:\/\/renovaaconstruction.com\/en\/wp-json\/wp\/v2\/pages\/1632","targetHints":{"allow":["GET"]}}],"collection":[{"href":"https:\/\/renovaaconstruction.com\/en\/wp-json\/wp\/v2\/pages"}],"about":[{"href":"https:\/\/renovaaconstruction.com\/en\/wp-json\/wp\/v2\/types\/page"}],"author":[{"embeddable":true,"href":"https:\/\/renovaaconstruction.com\/en\/wp-json\/wp\/v2\/users\/1"}],"replies":[{"embeddable":true,"href":"https:\/\/renovaaconstruction.com\/en\/wp-json\/wp\/v2\/comments?post=1632"}],"version-history":[{"count":23,"href":"https:\/\/renovaaconstruction.com\/en\/wp-json\/wp\/v2\/pages\/1632\/revisions"}],"predecessor-version":[{"id":1744,"href":"https:\/\/renovaaconstruction.com\/en\/wp-json\/wp\/v2\/pages\/1632\/revisions\/1744"}],"wp:attachment":[{"href":"https:\/\/renovaaconstruction.com\/en\/wp-json\/wp\/v2\/media?parent=1632"}],"curies":[{"name":"wp","href":"https:\/\/api.w.org\/{rel}","templated":true}]}}