{"id":1980,"date":"2025-11-21T14:10:10","date_gmt":"2025-11-21T19:10:10","guid":{"rendered":"https:\/\/renovaaconstruction.com\/?page_id=1980"},"modified":"2025-12-08T14:27:24","modified_gmt":"2025-12-08T19:27:24","slug":"servicios-de-pintura","status":"publish","type":"page","link":"https:\/\/renovaaconstruction.com\/en\/servicios-de-pintura\/","title":{"rendered":"Painting services"},"content":{"rendered":"<div data-elementor-type=\"wp-page\" data-elementor-id=\"1980\" class=\"elementor elementor-1980\">\n\t\t\t\t<div class=\"elementor-element elementor-element-1680cdf4 e-flex e-con-boxed e-con e-parent\" data-id=\"1680cdf4\" data-element_type=\"container\" data-e-type=\"container\" data-settings=\"{&quot;background_background&quot;:&quot;classic&quot;}\">\n\t\t\t\t\t<div class=\"e-con-inner\">\n\t\t<div class=\"elementor-element elementor-element-23f3c0fe e-con-full e-flex e-con e-child\" data-id=\"23f3c0fe\" data-element_type=\"container\" data-e-type=\"container\">\n\t\t\t\t<div class=\"elementor-element elementor-element-4b6463e7 elementor-widget elementor-widget-heading\" data-id=\"4b6463e7\" data-element_type=\"widget\" data-e-type=\"widget\" data-widget_type=\"heading.default\">\n\t\t\t\t<div class=\"elementor-widget-container\">\n\t\t\t\t\t<h1 class=\"elementor-heading-title elementor-size-default\">Painting Services<\/h1>\t\t\t\t<\/div>\n\t\t\t\t<\/div>\n\t\t\t\t<\/div>\n\t\t\t\t\t<\/div>\n\t\t\t\t<\/div>\n\t\t<div class=\"elementor-element elementor-element-6b40d39a e-flex e-con-boxed e-con e-parent\" data-id=\"6b40d39a\" data-element_type=\"container\" data-e-type=\"container\" data-settings=\"{&quot;background_background&quot;:&quot;classic&quot;}\">\n\t\t\t\t\t<div class=\"e-con-inner\">\n\t\t<div class=\"elementor-element elementor-element-24f715a0 e-con-full e-flex e-con e-child\" data-id=\"24f715a0\" data-element_type=\"container\" data-e-type=\"container\">\n\t\t\t\t<div class=\"elementor-element elementor-element-48cecedb elementor-widget elementor-widget-heading\" data-id=\"48cecedb\" data-element_type=\"widget\" data-e-type=\"widget\" data-widget_type=\"heading.default\">\n\t\t\t\t<div class=\"elementor-widget-container\">\n\t\t\t\t\t<h6 class=\"elementor-heading-title elementor-size-default\">Trust the experience!<\/h6>\t\t\t\t<\/div>\n\t\t\t\t<\/div>\n\t\t\t\t<div class=\"elementor-element elementor-element-5151fe4f elementor-widget elementor-widget-heading\" data-id=\"5151fe4f\" data-element_type=\"widget\" data-e-type=\"widget\" data-widget_type=\"heading.default\">\n\t\t\t\t<div class=\"elementor-widget-container\">\n\t\t\t\t\t<h2 class=\"elementor-heading-title elementor-size-default\">Key Services<\/h2>\t\t\t\t<\/div>\n\t\t\t\t<\/div>\n\t\t<div class=\"elementor-element elementor-element-a09848 e-flex e-con-boxed e-con e-child\" data-id=\"a09848\" data-element_type=\"container\" data-e-type=\"container\">\n\t\t\t\t\t<div class=\"e-con-inner\">\n\t\t\t\t<div class=\"elementor-element elementor-element-684e20d1 elementor-widget__width-initial elementor-widget-tablet__width-initial elementor-widget-mobile__width-inherit elementor-position-top elementor-invisible elementor-widget elementor-widget-image-box\" data-id=\"684e20d1\" data-element_type=\"widget\" data-e-type=\"widget\" data-settings=\"{&quot;_animation&quot;:&quot;zoomIn&quot;}\" data-widget_type=\"image-box.default\">\n\t\t\t\t<div class=\"elementor-widget-container\">\n\t\t\t\t\t<div class=\"elementor-image-box-wrapper\"><figure class=\"elementor-image-box-img\"><img fetchpriority=\"high\" decoding=\"async\" width=\"1289\" height=\"853\" src=\"https:\/\/renovaaconstruction.com\/wp-content\/uploads\/2025\/11\/PAGINAS.png\" class=\"attachment-full size-full wp-image-1899\" alt=\"\" srcset=\"https:\/\/renovaaconstruction.com\/wp-content\/uploads\/2025\/11\/PAGINAS.png 1289w, https:\/\/renovaaconstruction.com\/wp-content\/uploads\/2025\/11\/PAGINAS-300x199.png 300w, https:\/\/renovaaconstruction.com\/wp-content\/uploads\/2025\/11\/PAGINAS-1024x678.png 1024w, https:\/\/renovaaconstruction.com\/wp-content\/uploads\/2025\/11\/PAGINAS-768x508.png 768w, https:\/\/renovaaconstruction.com\/wp-content\/uploads\/2025\/11\/PAGINAS-18x12.png 18w\" sizes=\"(max-width: 1289px) 100vw, 1289px\" \/><\/figure><div class=\"elementor-image-box-content\"><h4 class=\"elementor-image-box-title\">Detailed Surface Preparation<\/h4><p class=\"elementor-image-box-description\">Sanding, repairing cracks and holes, filling and sealing to ensure a smooth and durable base.<\/p><\/div><\/div>\t\t\t\t<\/div>\n\t\t\t\t<\/div>\n\t\t\t\t<div class=\"elementor-element elementor-element-7b6fe77d elementor-widget__width-initial elementor-widget-tablet__width-initial elementor-widget-mobile__width-inherit elementor-position-top elementor-invisible elementor-widget elementor-widget-image-box\" data-id=\"7b6fe77d\" data-element_type=\"widget\" data-e-type=\"widget\" data-settings=\"{&quot;_animation&quot;:&quot;zoomIn&quot;}\" data-widget_type=\"image-box.default\">\n\t\t\t\t<div class=\"elementor-widget-container\">\n\t\t\t\t\t<div class=\"elementor-image-box-wrapper\"><figure class=\"elementor-image-box-img\"><img decoding=\"async\" width=\"1118\" height=\"781\" src=\"https:\/\/renovaaconstruction.com\/wp-content\/uploads\/2025\/11\/Diseno-sin-titulo-9.png\" class=\"attachment-full size-full wp-image-2137\" alt=\"\" srcset=\"https:\/\/renovaaconstruction.com\/wp-content\/uploads\/2025\/11\/Diseno-sin-titulo-9.png 1118w, https:\/\/renovaaconstruction.com\/wp-content\/uploads\/2025\/11\/Diseno-sin-titulo-9-300x210.png 300w, https:\/\/renovaaconstruction.com\/wp-content\/uploads\/2025\/11\/Diseno-sin-titulo-9-1024x715.png 1024w, https:\/\/renovaaconstruction.com\/wp-content\/uploads\/2025\/11\/Diseno-sin-titulo-9-768x537.png 768w, https:\/\/renovaaconstruction.com\/wp-content\/uploads\/2025\/11\/Diseno-sin-titulo-9-18x12.png 18w\" sizes=\"(max-width: 1118px) 100vw, 1118px\" \/><\/figure><div class=\"elementor-image-box-content\"><h4 class=\"elementor-image-box-title\">Professional Color Consulting<\/h4><p class=\"elementor-image-box-description\">Expert assistance in selecting palettes and finishes (matte, satin, glossy) that complement your space and lighting.<\/p><\/div><\/div>\t\t\t\t<\/div>\n\t\t\t\t<\/div>\n\t\t\t\t<div class=\"elementor-element elementor-element-297d1c5 elementor-widget__width-initial elementor-widget-tablet__width-initial elementor-widget-mobile__width-inherit elementor-position-top elementor-invisible elementor-widget elementor-widget-image-box\" data-id=\"297d1c5\" data-element_type=\"widget\" data-e-type=\"widget\" data-settings=\"{&quot;_animation&quot;:&quot;zoomIn&quot;}\" data-widget_type=\"image-box.default\">\n\t\t\t\t<div class=\"elementor-widget-container\">\n\t\t\t\t\t<div class=\"elementor-image-box-wrapper\"><figure class=\"elementor-image-box-img\"><img decoding=\"async\" width=\"1118\" height=\"781\" src=\"https:\/\/renovaaconstruction.com\/wp-content\/uploads\/2025\/12\/Diseno-sin-titulo-38.png\" class=\"attachment-full size-full wp-image-2331\" alt=\"\" srcset=\"https:\/\/renovaaconstruction.com\/wp-content\/uploads\/2025\/12\/Diseno-sin-titulo-38.png 1118w, https:\/\/renovaaconstruction.com\/wp-content\/uploads\/2025\/12\/Diseno-sin-titulo-38-300x210.png 300w, https:\/\/renovaaconstruction.com\/wp-content\/uploads\/2025\/12\/Diseno-sin-titulo-38-1024x715.png 1024w, https:\/\/renovaaconstruction.com\/wp-content\/uploads\/2025\/12\/Diseno-sin-titulo-38-768x537.png 768w, https:\/\/renovaaconstruction.com\/wp-content\/uploads\/2025\/12\/Diseno-sin-titulo-38-18x12.png 18w\" sizes=\"(max-width: 1118px) 100vw, 1118px\" \/><\/figure><div class=\"elementor-image-box-content\"><h4 class=\"elementor-image-box-title\">Epoxy Paint<\/h4><p class=\"elementor-image-box-description\">Precise application of epoxy paint and final coats on walls, ceilings, and floors, using high-quality techniques.<\/p><\/div><\/div>\t\t\t\t<\/div>\n\t\t\t\t<\/div>\n\t\t\t\t<div class=\"elementor-element elementor-element-14aa4ddd elementor-widget__width-initial elementor-widget-tablet__width-initial elementor-widget-mobile__width-inherit elementor-position-top elementor-invisible elementor-widget elementor-widget-image-box\" data-id=\"14aa4ddd\" data-element_type=\"widget\" data-e-type=\"widget\" data-settings=\"{&quot;_animation&quot;:&quot;zoomIn&quot;}\" data-widget_type=\"image-box.default\">\n\t\t\t\t<div class=\"elementor-widget-container\">\n\t\t\t\t\t<div class=\"elementor-image-box-wrapper\"><figure class=\"elementor-image-box-img\"><img loading=\"lazy\" decoding=\"async\" width=\"1118\" height=\"781\" src=\"https:\/\/renovaaconstruction.com\/wp-content\/uploads\/2025\/11\/Diseno-sin-titulo-12.png\" class=\"attachment-full size-full wp-image-2145\" alt=\"\" srcset=\"https:\/\/renovaaconstruction.com\/wp-content\/uploads\/2025\/11\/Diseno-sin-titulo-12.png 1118w, https:\/\/renovaaconstruction.com\/wp-content\/uploads\/2025\/11\/Diseno-sin-titulo-12-300x210.png 300w, https:\/\/renovaaconstruction.com\/wp-content\/uploads\/2025\/11\/Diseno-sin-titulo-12-1024x715.png 1024w, https:\/\/renovaaconstruction.com\/wp-content\/uploads\/2025\/11\/Diseno-sin-titulo-12-768x537.png 768w, https:\/\/renovaaconstruction.com\/wp-content\/uploads\/2025\/11\/Diseno-sin-titulo-12-18x12.png 18w\" sizes=\"(max-width: 1118px) 100vw, 1118px\" \/><\/figure><div class=\"elementor-image-box-content\"><h4 class=\"elementor-image-box-title\">Professional Wallpaper Installation<\/h4><p class=\"elementor-image-box-description\">Removal of old wall coverings and flawless installation of wallpaper and decorative vinyl.<\/p><\/div><\/div>\t\t\t\t<\/div>\n\t\t\t\t<\/div>\n\t\t\t\t<div class=\"elementor-element elementor-element-638b0c5c elementor-widget__width-initial elementor-widget-tablet__width-initial elementor-widget-mobile__width-inherit elementor-position-top elementor-invisible elementor-widget elementor-widget-image-box\" data-id=\"638b0c5c\" data-element_type=\"widget\" data-e-type=\"widget\" data-settings=\"{&quot;_animation&quot;:&quot;zoomIn&quot;}\" data-widget_type=\"image-box.default\">\n\t\t\t\t<div class=\"elementor-widget-container\">\n\t\t\t\t\t<div class=\"elementor-image-box-wrapper\"><figure class=\"elementor-image-box-img\"><img loading=\"lazy\" decoding=\"async\" width=\"1118\" height=\"781\" src=\"https:\/\/renovaaconstruction.com\/wp-content\/uploads\/2025\/11\/Diseno-sin-titulo-13.png\" class=\"attachment-full size-full wp-image-2146\" alt=\"\" srcset=\"https:\/\/renovaaconstruction.com\/wp-content\/uploads\/2025\/11\/Diseno-sin-titulo-13.png 1118w, https:\/\/renovaaconstruction.com\/wp-content\/uploads\/2025\/11\/Diseno-sin-titulo-13-300x210.png 300w, https:\/\/renovaaconstruction.com\/wp-content\/uploads\/2025\/11\/Diseno-sin-titulo-13-1024x715.png 1024w, https:\/\/renovaaconstruction.com\/wp-content\/uploads\/2025\/11\/Diseno-sin-titulo-13-768x537.png 768w, https:\/\/renovaaconstruction.com\/wp-content\/uploads\/2025\/11\/Diseno-sin-titulo-13-18x12.png 18w\" sizes=\"(max-width: 1118px) 100vw, 1118px\" \/><\/figure><div class=\"elementor-image-box-content\"><h4 class=\"elementor-image-box-title\">Exterior Protective Repainting<\/h4><p class=\"elementor-image-box-description\">Preparation of facades, application of sealants and weather-resistant paints for maximum durability and protection.<\/p><\/div><\/div>\t\t\t\t<\/div>\n\t\t\t\t<\/div>\n\t\t\t\t\t<\/div>\n\t\t\t\t<\/div>\n\t\t\t\t<\/div>\n\t\t\t\t\t<\/div>\n\t\t\t\t<\/div>\n\t\t<div class=\"elementor-element elementor-element-16d87e64 e-flex e-con-boxed e-con e-parent\" data-id=\"16d87e64\" data-element_type=\"container\" data-e-type=\"container\" data-settings=\"{&quot;shape_divider_top&quot;:&quot;opacity-tilt&quot;,&quot;background_background&quot;:&quot;classic&quot;}\">\n\t\t\t\t\t<div class=\"e-con-inner\">\n\t\t\t\t<div class=\"elementor-shape elementor-shape-top\" aria-hidden=\"true\" data-negative=\"false\">\n\t\t\t<svg xmlns=\"http:\/\/www.w3.org\/2000\/svg\" viewbox=\"0 0 2600 131.1\" preserveaspectratio=\"none\">\n\t<path class=\"elementor-shape-fill\" d=\"M0 0L2600 0 2600 69.1 0 0z\"\/>\n\t<path class=\"elementor-shape-fill\" style=\"opacity:0.5\" d=\"M0 0L2600 0 2600 69.1 0 69.1z\"\/>\n\t<path class=\"elementor-shape-fill\" style=\"opacity:0.25\" d=\"M2600 0L0 0 0 130.1 2600 69.1z\"\/>\n<\/svg>\t\t<\/div>\n\t\t<div class=\"elementor-element elementor-element-2439f6df e-con-full e-flex e-con e-child\" data-id=\"2439f6df\" data-element_type=\"container\" data-e-type=\"container\" data-settings=\"{&quot;background_background&quot;:&quot;gradient&quot;}\">\n\t\t\t\t<div class=\"elementor-element elementor-element-74455c0d elementor-widget elementor-widget-heading\" data-id=\"74455c0d\" data-element_type=\"widget\" data-e-type=\"widget\" data-widget_type=\"heading.default\">\n\t\t\t\t<div class=\"elementor-widget-container\">\n\t\t\t\t\t<h6 class=\"elementor-heading-title elementor-size-default\">Painting services<\/h6>\t\t\t\t<\/div>\n\t\t\t\t<\/div>\n\t\t\t\t<div class=\"elementor-element elementor-element-15a8c9b8 elementor-widget elementor-widget-hfe-infocard\" data-id=\"15a8c9b8\" data-element_type=\"widget\" data-e-type=\"widget\" data-widget_type=\"hfe-infocard.default\">\n\t\t\t\t<div class=\"elementor-widget-container\">\n\t\t\t\t\t\n\t\t<div class=\"hfe-infocard\">\n\t\t\t\t\t\t\t\t\t<div class=\"hfe-infocard-title-wrap\">\n\t\t\t\t<h2 class=\"hfe-infocard-title elementor-inline-editing\" data-elementor-setting-key=\"infocard_title\" data-elementor-inline-editing-toolbar=\"basic\" >Schedule an appointment!<\/h2>\t\t\t<\/div>\n\t\t\t\t\t\t<div class=\"hfe-infocard-text-wrap\">\n\t\t\t\t<div class=\"hfe-infocard-text elementor-inline-editing\" data-elementor-setting-key=\"infocard_description\" data-elementor-inline-editing-toolbar=\"advanced\">\n\t\t\t\t\tSchedule an appointment at no additional cost or call us at 405-476-8607 for more information.\t\t\t\t<\/div>\n\t\t\t\t\t\t\t<\/div>\n\t\t<\/div>\n\n\t\t\t\t\t\t<\/div>\n\t\t\t\t<\/div>\n\t\t\t\t<div class=\"elementor-element elementor-element-20a0f5e4 elementor-align-center elementor-widget elementor-widget-button\" data-id=\"20a0f5e4\" data-element_type=\"widget\" data-e-type=\"widget\" data-widget_type=\"button.default\">\n\t\t\t\t<div class=\"elementor-widget-container\">\n\t\t\t\t\t\t\t\t\t<div class=\"elementor-button-wrapper\">\n\t\t\t\t\t<a class=\"elementor-button elementor-button-link elementor-size-sm\" href=\"#\">\n\t\t\t\t\t\t<span class=\"elementor-button-content-wrapper\">\n\t\t\t\t\t\t\t\t\t<span class=\"elementor-button-text\">I want to schedule an appointment!<\/span>\n\t\t\t\t\t<\/span>\n\t\t\t\t\t<\/a>\n\t\t\t\t<\/div>\n\t\t\t\t\t\t\t\t<\/div>\n\t\t\t\t<\/div>\n\t\t\t\t<\/div>\n\t\t\t\t\t<\/div>\n\t\t\t\t<\/div>\n\t\t\t\t<\/div>","protected":false},"excerpt":{"rendered":"<p>Servicios de Pintura \u00a1Conf\u00ede en la experiencia! Servicios Clave Preparaci\u00f3n Detallada de Superficies Lijado, reparaci\u00f3n de grietas y agujeros, masillado y sellado para garantizar una base lisa y duradera. Asesor\u00eda de Color Profesional Ayuda experta en la selecci\u00f3n de paletas y acabados (mate, satinado, brillante) que complementen su espacio y luz. Pintura Epoxica Aplicaci\u00f3n precisa [&hellip;]<\/p>\n","protected":false},"author":1,"featured_media":0,"parent":0,"menu_order":0,"comment_status":"closed","ping_status":"closed","template":"","meta":{"site-sidebar-layout":"no-sidebar","site-content-layout":"page-builder","ast-site-content-layout":"full-width-container","site-content-style":"default","site-sidebar-style":"default","ast-global-header-display":"","ast-banner-title-visibility":"","ast-main-header-display":"","ast-hfb-above-header-display":"","ast-hfb-below-header-display":"","ast-hfb-mobile-header-display":"","site-post-title":"disabled","ast-breadcrumbs-content":"","ast-featured-img":"disabled","footer-sml-layout":"","ast-disable-related-posts":"","theme-transparent-header-meta":"enabled","adv-header-id-meta":"","stick-header-meta":"","header-above-stick-meta":"","header-main-stick-meta":"","header-below-stick-meta":"","astra-migrate-meta-layouts":"set","ast-page-background-enabled":"default","ast-page-background-meta":{"desktop":{"background-color":"var(--ast-global-color-4)","background-image":"","background-repeat":"repeat","background-position":"center center","background-size":"auto","background-attachment":"scroll","background-type":"","background-media":"","overlay-type":"","overlay-color":"","overlay-opacity":"","overlay-gradient":""},"tablet":{"background-color":"","background-image":"","background-repeat":"repeat","background-position":"center center","background-size":"auto","background-attachment":"scroll","background-type":"","background-media":"","overlay-type":"","overlay-color":"","overlay-opacity":"","overlay-gradient":""},"mobile":{"background-color":"","background-image":"","background-repeat":"repeat","background-position":"center center","background-size":"auto","background-attachment":"scroll","background-type":"","background-media":"","overlay-type":"","overlay-color":"","overlay-opacity":"","overlay-gradient":""}},"ast-content-background-meta":{"desktop":{"background-color":"var(--ast-global-color-5)","background-image":"","background-repeat":"repeat","background-position":"center center","background-size":"auto","background-attachment":"scroll","background-type":"","background-media":"","overlay-type":"","overlay-color":"","overlay-opacity":"","overlay-gradient":""},"tablet":{"background-color":"var(--ast-global-color-5)","background-image":"","background-repeat":"repeat","background-position":"center center","background-size":"auto","background-attachment":"scroll","background-type":"","background-media":"","overlay-type":"","overlay-color":"","overlay-opacity":"","overlay-gradient":""},"mobile":{"background-color":"var(--ast-global-color-5)","background-image":"","background-repeat":"repeat","background-position":"center center","background-size":"auto","background-attachment":"scroll","background-type":"","background-media":"","overlay-type":"","overlay-color":"","overlay-opacity":"","overlay-gradient":""}},"_joinchat":[],"footnotes":""},"class_list":["post-1980","page","type-page","status-publish","hentry"],"_hostinger_reach_plugin_has_subscription_block":false,"_hostinger_reach_plugin_is_elementor":false,"_links":{"self":[{"href":"https:\/\/renovaaconstruction.com\/en\/wp-json\/wp\/v2\/pages\/1980","targetHints":{"allow":["GET"]}}],"collection":[{"href":"https:\/\/renovaaconstruction.com\/en\/wp-json\/wp\/v2\/pages"}],"about":[{"href":"https:\/\/renovaaconstruction.com\/en\/wp-json\/wp\/v2\/types\/page"}],"author":[{"embeddable":true,"href":"https:\/\/renovaaconstruction.com\/en\/wp-json\/wp\/v2\/users\/1"}],"replies":[{"embeddable":true,"href":"https:\/\/renovaaconstruction.com\/en\/wp-json\/wp\/v2\/comments?post=1980"}],"version-history":[{"count":44,"href":"https:\/\/renovaaconstruction.com\/en\/wp-json\/wp\/v2\/pages\/1980\/revisions"}],"predecessor-version":[{"id":2334,"href":"https:\/\/renovaaconstruction.com\/en\/wp-json\/wp\/v2\/pages\/1980\/revisions\/2334"}],"wp:attachment":[{"href":"https:\/\/renovaaconstruction.com\/en\/wp-json\/wp\/v2\/media?parent=1980"}],"curies":[{"name":"wp","href":"https:\/\/api.w.org\/{rel}","templated":true}]}}