{"id":2026,"date":"2025-11-21T14:56:17","date_gmt":"2025-11-21T19:56:17","guid":{"rendered":"https:\/\/renovaaconstruction.com\/?page_id=2026"},"modified":"2025-12-08T14:47:21","modified_gmt":"2025-12-08T19:47:21","slug":"remodelacion-de-piso","status":"publish","type":"page","link":"https:\/\/renovaaconstruction.com\/en\/remodelacion-de-piso\/","title":{"rendered":"Floor renovations"},"content":{"rendered":"<div data-elementor-type=\"wp-page\" data-elementor-id=\"2026\" class=\"elementor elementor-2026\">\n\t\t\t\t<div class=\"elementor-element elementor-element-5a28e404 e-flex e-con-boxed e-con e-parent\" data-id=\"5a28e404\" data-element_type=\"container\" data-e-type=\"container\" data-settings=\"{&quot;background_background&quot;:&quot;classic&quot;}\">\n\t\t\t\t\t<div class=\"e-con-inner\">\n\t\t<div class=\"elementor-element elementor-element-35534616 e-con-full e-flex e-con e-child\" data-id=\"35534616\" data-element_type=\"container\" data-e-type=\"container\">\n\t\t\t\t<div class=\"elementor-element elementor-element-146503ee elementor-widget elementor-widget-heading\" data-id=\"146503ee\" data-element_type=\"widget\" data-e-type=\"widget\" data-widget_type=\"heading.default\">\n\t\t\t\t<div class=\"elementor-widget-container\">\n\t\t\t\t\t<h1 class=\"elementor-heading-title elementor-size-default\">Floor remodeling<\/h1>\t\t\t\t<\/div>\n\t\t\t\t<\/div>\n\t\t\t\t<\/div>\n\t\t\t\t\t<\/div>\n\t\t\t\t<\/div>\n\t\t<div class=\"elementor-element elementor-element-39480454 e-flex e-con-boxed e-con e-parent\" data-id=\"39480454\" data-element_type=\"container\" data-e-type=\"container\" data-settings=\"{&quot;background_background&quot;:&quot;classic&quot;}\">\n\t\t\t\t\t<div class=\"e-con-inner\">\n\t\t<div class=\"elementor-element elementor-element-345c5abd e-con-full e-flex e-con e-child\" data-id=\"345c5abd\" data-element_type=\"container\" data-e-type=\"container\">\n\t\t\t\t<div class=\"elementor-element elementor-element-2593c39c elementor-widget elementor-widget-heading\" data-id=\"2593c39c\" data-element_type=\"widget\" data-e-type=\"widget\" data-widget_type=\"heading.default\">\n\t\t\t\t<div class=\"elementor-widget-container\">\n\t\t\t\t\t<h6 class=\"elementor-heading-title elementor-size-default\">Trust the experience!<\/h6>\t\t\t\t<\/div>\n\t\t\t\t<\/div>\n\t\t\t\t<div class=\"elementor-element elementor-element-429b9d65 elementor-widget elementor-widget-heading\" data-id=\"429b9d65\" data-element_type=\"widget\" data-e-type=\"widget\" data-widget_type=\"heading.default\">\n\t\t\t\t<div class=\"elementor-widget-container\">\n\t\t\t\t\t<h2 class=\"elementor-heading-title elementor-size-default\">Key Services<\/h2>\t\t\t\t<\/div>\n\t\t\t\t<\/div>\n\t\t<div class=\"elementor-element elementor-element-7d9dbc7b e-flex e-con-boxed e-con e-child\" data-id=\"7d9dbc7b\" data-element_type=\"container\" data-e-type=\"container\">\n\t\t\t\t\t<div class=\"e-con-inner\">\n\t\t\t\t<div class=\"elementor-element elementor-element-3f6e6302 elementor-widget__width-initial elementor-widget-tablet__width-initial elementor-widget-mobile__width-inherit elementor-position-top elementor-invisible elementor-widget elementor-widget-image-box\" data-id=\"3f6e6302\" data-element_type=\"widget\" data-e-type=\"widget\" data-settings=\"{&quot;_animation&quot;:&quot;zoomIn&quot;}\" data-widget_type=\"image-box.default\">\n\t\t\t\t<div class=\"elementor-widget-container\">\n\t\t\t\t\t<div class=\"elementor-image-box-wrapper\"><figure class=\"elementor-image-box-img\"><img fetchpriority=\"high\" decoding=\"async\" width=\"1118\" height=\"781\" src=\"https:\/\/renovaaconstruction.com\/wp-content\/uploads\/2025\/12\/Diseno-sin-titulo-17.png\" class=\"attachment-full size-full wp-image-2197\" alt=\"\" srcset=\"https:\/\/renovaaconstruction.com\/wp-content\/uploads\/2025\/12\/Diseno-sin-titulo-17.png 1118w, https:\/\/renovaaconstruction.com\/wp-content\/uploads\/2025\/12\/Diseno-sin-titulo-17-300x210.png 300w, https:\/\/renovaaconstruction.com\/wp-content\/uploads\/2025\/12\/Diseno-sin-titulo-17-1024x715.png 1024w, https:\/\/renovaaconstruction.com\/wp-content\/uploads\/2025\/12\/Diseno-sin-titulo-17-768x537.png 768w, https:\/\/renovaaconstruction.com\/wp-content\/uploads\/2025\/12\/Diseno-sin-titulo-17-18x12.png 18w\" sizes=\"(max-width: 1118px) 100vw, 1118px\" \/><\/figure><div class=\"elementor-image-box-content\"><h4 class=\"elementor-image-box-title\">Hardwood and Laminate Installation<\/h4><p class=\"elementor-image-box-description\">Expert installation of laminate flooring, parquet, engineered flooring, and laminates with durable finishes.<\/p><\/div><\/div>\t\t\t\t<\/div>\n\t\t\t\t<\/div>\n\t\t\t\t<div class=\"elementor-element elementor-element-430cb5fc elementor-widget__width-initial elementor-widget-tablet__width-initial elementor-widget-mobile__width-inherit elementor-position-top elementor-invisible elementor-widget elementor-widget-image-box\" data-id=\"430cb5fc\" data-element_type=\"widget\" data-e-type=\"widget\" data-settings=\"{&quot;_animation&quot;:&quot;zoomIn&quot;}\" data-widget_type=\"image-box.default\">\n\t\t\t\t<div class=\"elementor-widget-container\">\n\t\t\t\t\t<div class=\"elementor-image-box-wrapper\"><figure class=\"elementor-image-box-img\"><img decoding=\"async\" width=\"1118\" height=\"781\" src=\"https:\/\/renovaaconstruction.com\/wp-content\/uploads\/2025\/12\/Diseno-sin-titulo-21.png\" class=\"attachment-full size-full wp-image-2205\" alt=\"\" srcset=\"https:\/\/renovaaconstruction.com\/wp-content\/uploads\/2025\/12\/Diseno-sin-titulo-21.png 1118w, https:\/\/renovaaconstruction.com\/wp-content\/uploads\/2025\/12\/Diseno-sin-titulo-21-300x210.png 300w, https:\/\/renovaaconstruction.com\/wp-content\/uploads\/2025\/12\/Diseno-sin-titulo-21-1024x715.png 1024w, https:\/\/renovaaconstruction.com\/wp-content\/uploads\/2025\/12\/Diseno-sin-titulo-21-768x537.png 768w, https:\/\/renovaaconstruction.com\/wp-content\/uploads\/2025\/12\/Diseno-sin-titulo-21-18x12.png 18w\" sizes=\"(max-width: 1118px) 100vw, 1118px\" \/><\/figure><div class=\"elementor-image-box-content\"><h4 class=\"elementor-image-box-title\">Tile and Ceramic Installation<\/h4><p class=\"elementor-image-box-description\">Installation of porcelain tiles, ceramic tiles, and mosaics in kitchens, bathrooms, and high-traffic areas.<\/p><\/div><\/div>\t\t\t\t<\/div>\n\t\t\t\t<\/div>\n\t\t\t\t<div class=\"elementor-element elementor-element-61f93465 elementor-widget__width-initial elementor-widget-tablet__width-initial elementor-widget-mobile__width-inherit elementor-position-top elementor-invisible elementor-widget elementor-widget-image-box\" data-id=\"61f93465\" data-element_type=\"widget\" data-e-type=\"widget\" data-settings=\"{&quot;_animation&quot;:&quot;zoomIn&quot;}\" data-widget_type=\"image-box.default\">\n\t\t\t\t<div class=\"elementor-widget-container\">\n\t\t\t\t\t<div class=\"elementor-image-box-wrapper\"><figure class=\"elementor-image-box-img\"><img decoding=\"async\" width=\"1118\" height=\"781\" src=\"https:\/\/renovaaconstruction.com\/wp-content\/uploads\/2025\/12\/Diseno-sin-titulo-20.png\" class=\"attachment-full size-full wp-image-2204\" alt=\"\" srcset=\"https:\/\/renovaaconstruction.com\/wp-content\/uploads\/2025\/12\/Diseno-sin-titulo-20.png 1118w, https:\/\/renovaaconstruction.com\/wp-content\/uploads\/2025\/12\/Diseno-sin-titulo-20-300x210.png 300w, https:\/\/renovaaconstruction.com\/wp-content\/uploads\/2025\/12\/Diseno-sin-titulo-20-1024x715.png 1024w, https:\/\/renovaaconstruction.com\/wp-content\/uploads\/2025\/12\/Diseno-sin-titulo-20-768x537.png 768w, https:\/\/renovaaconstruction.com\/wp-content\/uploads\/2025\/12\/Diseno-sin-titulo-20-18x12.png 18w\" sizes=\"(max-width: 1118px) 100vw, 1118px\" \/><\/figure><div class=\"elementor-image-box-content\"><h4 class=\"elementor-image-box-title\">Luxury Vinyl Tile (LVT\/LVP)<\/h4><p class=\"elementor-image-box-description\">Installation of heavy-duty vinyl flooring, ideal for wet or commercial areas.<\/p><\/div><\/div>\t\t\t\t<\/div>\n\t\t\t\t<\/div>\n\t\t\t\t\t<\/div>\n\t\t\t\t<\/div>\n\t\t\t\t<\/div>\n\t\t\t\t\t<\/div>\n\t\t\t\t<\/div>\n\t\t<div class=\"elementor-element elementor-element-6f8dc9da e-flex e-con-boxed e-con e-parent\" data-id=\"6f8dc9da\" data-element_type=\"container\" data-e-type=\"container\" data-settings=\"{&quot;shape_divider_top&quot;:&quot;opacity-tilt&quot;,&quot;background_background&quot;:&quot;classic&quot;}\">\n\t\t\t\t\t<div class=\"e-con-inner\">\n\t\t\t\t<div class=\"elementor-shape elementor-shape-top\" aria-hidden=\"true\" data-negative=\"false\">\n\t\t\t<svg xmlns=\"http:\/\/www.w3.org\/2000\/svg\" viewbox=\"0 0 2600 131.1\" preserveaspectratio=\"none\">\n\t<path class=\"elementor-shape-fill\" d=\"M0 0L2600 0 2600 69.1 0 0z\"\/>\n\t<path class=\"elementor-shape-fill\" style=\"opacity:0.5\" d=\"M0 0L2600 0 2600 69.1 0 69.1z\"\/>\n\t<path class=\"elementor-shape-fill\" style=\"opacity:0.25\" d=\"M2600 0L0 0 0 130.1 2600 69.1z\"\/>\n<\/svg>\t\t<\/div>\n\t\t<div class=\"elementor-element elementor-element-52d0bb2e e-con-full e-flex e-con e-child\" data-id=\"52d0bb2e\" data-element_type=\"container\" data-e-type=\"container\" data-settings=\"{&quot;background_background&quot;:&quot;gradient&quot;}\">\n\t\t\t\t<div class=\"elementor-element elementor-element-7213a705 elementor-widget elementor-widget-heading\" data-id=\"7213a705\" data-element_type=\"widget\" data-e-type=\"widget\" data-widget_type=\"heading.default\">\n\t\t\t\t<div class=\"elementor-widget-container\">\n\t\t\t\t\t<h6 class=\"elementor-heading-title elementor-size-default\">Floor remodeling<\/h6>\t\t\t\t<\/div>\n\t\t\t\t<\/div>\n\t\t\t\t<div class=\"elementor-element elementor-element-9984088 elementor-widget elementor-widget-hfe-infocard\" data-id=\"9984088\" data-element_type=\"widget\" data-e-type=\"widget\" data-widget_type=\"hfe-infocard.default\">\n\t\t\t\t<div class=\"elementor-widget-container\">\n\t\t\t\t\t\n\t\t<div class=\"hfe-infocard\">\n\t\t\t\t\t\t\t\t\t<div class=\"hfe-infocard-title-wrap\">\n\t\t\t\t<h2 class=\"hfe-infocard-title elementor-inline-editing\" data-elementor-setting-key=\"infocard_title\" data-elementor-inline-editing-toolbar=\"basic\" >Schedule an appointment!<\/h2>\t\t\t<\/div>\n\t\t\t\t\t\t<div class=\"hfe-infocard-text-wrap\">\n\t\t\t\t<div class=\"hfe-infocard-text elementor-inline-editing\" data-elementor-setting-key=\"infocard_description\" data-elementor-inline-editing-toolbar=\"advanced\">\n\t\t\t\t\tSchedule an appointment at no additional cost or call us at 405-476-8607 for more information.\t\t\t\t<\/div>\n\t\t\t\t\t\t\t<\/div>\n\t\t<\/div>\n\n\t\t\t\t\t\t<\/div>\n\t\t\t\t<\/div>\n\t\t\t\t<div class=\"elementor-element elementor-element-58ecd911 elementor-align-center elementor-widget elementor-widget-button\" data-id=\"58ecd911\" data-element_type=\"widget\" data-e-type=\"widget\" data-widget_type=\"button.default\">\n\t\t\t\t<div class=\"elementor-widget-container\">\n\t\t\t\t\t\t\t\t\t<div class=\"elementor-button-wrapper\">\n\t\t\t\t\t<a class=\"elementor-button elementor-button-link elementor-size-sm\" href=\"#\">\n\t\t\t\t\t\t<span class=\"elementor-button-content-wrapper\">\n\t\t\t\t\t\t\t\t\t<span class=\"elementor-button-text\">I want to schedule an appointment!<\/span>\n\t\t\t\t\t<\/span>\n\t\t\t\t\t<\/a>\n\t\t\t\t<\/div>\n\t\t\t\t\t\t\t\t<\/div>\n\t\t\t\t<\/div>\n\t\t\t\t<\/div>\n\t\t\t\t\t<\/div>\n\t\t\t\t<\/div>\n\t\t\t\t<\/div>","protected":false},"excerpt":{"rendered":"<p>Remodelaci\u00f3n de pisos \u00a1Conf\u00ede en la experiencia! Servicios Clave Instalaci\u00f3n de Madera Dura y Laminado Colocaci\u00f3n experta de tarima flotante, parqu\u00e9, pisos de ingenier\u00eda y laminados con acabados duraderos. Colocaci\u00f3n de Baldosas y Cer\u00e1mica Instalaci\u00f3n de porcelanato, baldosas de cer\u00e1mica y mosaicos en cocinas, ba\u00f1os y \u00e1reas de alto tr\u00e1fico. Vinilo de Lujo (LVT\/LVP) Instalaci\u00f3n [&hellip;]<\/p>\n","protected":false},"author":1,"featured_media":0,"parent":0,"menu_order":0,"comment_status":"closed","ping_status":"closed","template":"","meta":{"site-sidebar-layout":"no-sidebar","site-content-layout":"page-builder","ast-site-content-layout":"full-width-container","site-content-style":"default","site-sidebar-style":"default","ast-global-header-display":"","ast-banner-title-visibility":"","ast-main-header-display":"","ast-hfb-above-header-display":"","ast-hfb-below-header-display":"","ast-hfb-mobile-header-display":"","site-post-title":"disabled","ast-breadcrumbs-content":"","ast-featured-img":"disabled","footer-sml-layout":"","ast-disable-related-posts":"","theme-transparent-header-meta":"enabled","adv-header-id-meta":"","stick-header-meta":"","header-above-stick-meta":"","header-main-stick-meta":"","header-below-stick-meta":"","astra-migrate-meta-layouts":"set","ast-page-background-enabled":"default","ast-page-background-meta":{"desktop":{"background-color":"var(--ast-global-color-4)","background-image":"","background-repeat":"repeat","background-position":"center center","background-size":"auto","background-attachment":"scroll","background-type":"","background-media":"","overlay-type":"","overlay-color":"","overlay-opacity":"","overlay-gradient":""},"tablet":{"background-color":"","background-image":"","background-repeat":"repeat","background-position":"center center","background-size":"auto","background-attachment":"scroll","background-type":"","background-media":"","overlay-type":"","overlay-color":"","overlay-opacity":"","overlay-gradient":""},"mobile":{"background-color":"","background-image":"","background-repeat":"repeat","background-position":"center center","background-size":"auto","background-attachment":"scroll","background-type":"","background-media":"","overlay-type":"","overlay-color":"","overlay-opacity":"","overlay-gradient":""}},"ast-content-background-meta":{"desktop":{"background-color":"var(--ast-global-color-5)","background-image":"","background-repeat":"repeat","background-position":"center center","background-size":"auto","background-attachment":"scroll","background-type":"","background-media":"","overlay-type":"","overlay-color":"","overlay-opacity":"","overlay-gradient":""},"tablet":{"background-color":"var(--ast-global-color-5)","background-image":"","background-repeat":"repeat","background-position":"center center","background-size":"auto","background-attachment":"scroll","background-type":"","background-media":"","overlay-type":"","overlay-color":"","overlay-opacity":"","overlay-gradient":""},"mobile":{"background-color":"var(--ast-global-color-5)","background-image":"","background-repeat":"repeat","background-position":"center center","background-size":"auto","background-attachment":"scroll","background-type":"","background-media":"","overlay-type":"","overlay-color":"","overlay-opacity":"","overlay-gradient":""}},"_joinchat":[],"footnotes":""},"class_list":["post-2026","page","type-page","status-publish","hentry"],"_hostinger_reach_plugin_has_subscription_block":false,"_hostinger_reach_plugin_is_elementor":false,"_links":{"self":[{"href":"https:\/\/renovaaconstruction.com\/en\/wp-json\/wp\/v2\/pages\/2026","targetHints":{"allow":["GET"]}}],"collection":[{"href":"https:\/\/renovaaconstruction.com\/en\/wp-json\/wp\/v2\/pages"}],"about":[{"href":"https:\/\/renovaaconstruction.com\/en\/wp-json\/wp\/v2\/types\/page"}],"author":[{"embeddable":true,"href":"https:\/\/renovaaconstruction.com\/en\/wp-json\/wp\/v2\/users\/1"}],"replies":[{"embeddable":true,"href":"https:\/\/renovaaconstruction.com\/en\/wp-json\/wp\/v2\/comments?post=2026"}],"version-history":[{"count":22,"href":"https:\/\/renovaaconstruction.com\/en\/wp-json\/wp\/v2\/pages\/2026\/revisions"}],"predecessor-version":[{"id":2354,"href":"https:\/\/renovaaconstruction.com\/en\/wp-json\/wp\/v2\/pages\/2026\/revisions\/2354"}],"wp:attachment":[{"href":"https:\/\/renovaaconstruction.com\/en\/wp-json\/wp\/v2\/media?parent=2026"}],"curies":[{"name":"wp","href":"https:\/\/api.w.org\/{rel}","templated":true}]}}