{"id":2062,"date":"2025-11-21T15:28:30","date_gmt":"2025-11-21T20:28:30","guid":{"rendered":"https:\/\/renovaaconstruction.com\/?page_id=2062"},"modified":"2025-12-08T14:48:20","modified_gmt":"2025-12-08T19:48:20","slug":"remodelacion-de-techos","status":"publish","type":"page","link":"https:\/\/renovaaconstruction.com\/en\/remodelacion-de-techos\/","title":{"rendered":"Roof Remodeling"},"content":{"rendered":"<div data-elementor-type=\"wp-page\" data-elementor-id=\"2062\" class=\"elementor elementor-2062\">\n\t\t\t\t<div class=\"elementor-element elementor-element-fd0f27a e-flex e-con-boxed e-con e-parent\" data-id=\"fd0f27a\" data-element_type=\"container\" data-e-type=\"container\" data-settings=\"{&quot;background_background&quot;:&quot;classic&quot;}\">\n\t\t\t\t\t<div class=\"e-con-inner\">\n\t\t<div class=\"elementor-element elementor-element-6e7c0c77 e-con-full e-flex e-con e-child\" data-id=\"6e7c0c77\" data-element_type=\"container\" data-e-type=\"container\">\n\t\t\t\t<div class=\"elementor-element elementor-element-1fcb451f elementor-widget elementor-widget-heading\" data-id=\"1fcb451f\" data-element_type=\"widget\" data-e-type=\"widget\" data-widget_type=\"heading.default\">\n\t\t\t\t<div class=\"elementor-widget-container\">\n\t\t\t\t\t<h1 class=\"elementor-heading-title elementor-size-default\">Roof Remodeling<\/h1>\t\t\t\t<\/div>\n\t\t\t\t<\/div>\n\t\t\t\t<\/div>\n\t\t\t\t\t<\/div>\n\t\t\t\t<\/div>\n\t\t<div class=\"elementor-element elementor-element-6c57f001 e-flex e-con-boxed e-con e-parent\" data-id=\"6c57f001\" data-element_type=\"container\" data-e-type=\"container\" data-settings=\"{&quot;background_background&quot;:&quot;classic&quot;}\">\n\t\t\t\t\t<div class=\"e-con-inner\">\n\t\t<div class=\"elementor-element elementor-element-232bc245 e-con-full e-flex e-con e-child\" data-id=\"232bc245\" data-element_type=\"container\" data-e-type=\"container\">\n\t\t\t\t<div class=\"elementor-element elementor-element-68e2ff30 elementor-widget elementor-widget-heading\" data-id=\"68e2ff30\" data-element_type=\"widget\" data-e-type=\"widget\" data-widget_type=\"heading.default\">\n\t\t\t\t<div class=\"elementor-widget-container\">\n\t\t\t\t\t<h6 class=\"elementor-heading-title elementor-size-default\">Trust the experience!<\/h6>\t\t\t\t<\/div>\n\t\t\t\t<\/div>\n\t\t\t\t<div class=\"elementor-element elementor-element-6ed3e0e3 elementor-widget elementor-widget-heading\" data-id=\"6ed3e0e3\" data-element_type=\"widget\" data-e-type=\"widget\" data-widget_type=\"heading.default\">\n\t\t\t\t<div class=\"elementor-widget-container\">\n\t\t\t\t\t<h2 class=\"elementor-heading-title elementor-size-default\">Key Services<\/h2>\t\t\t\t<\/div>\n\t\t\t\t<\/div>\n\t\t<div class=\"elementor-element elementor-element-64c03505 e-flex e-con-boxed e-con e-child\" data-id=\"64c03505\" data-element_type=\"container\" data-e-type=\"container\">\n\t\t\t\t\t<div class=\"e-con-inner\">\n\t\t\t\t<div class=\"elementor-element elementor-element-47caabe elementor-widget__width-initial elementor-widget-tablet__width-initial elementor-widget-mobile__width-inherit elementor-position-top elementor-invisible elementor-widget elementor-widget-image-box\" data-id=\"47caabe\" data-element_type=\"widget\" data-e-type=\"widget\" data-settings=\"{&quot;_animation&quot;:&quot;zoomIn&quot;}\" data-widget_type=\"image-box.default\">\n\t\t\t\t<div class=\"elementor-widget-container\">\n\t\t\t\t\t<div class=\"elementor-image-box-wrapper\"><figure class=\"elementor-image-box-img\"><img fetchpriority=\"high\" decoding=\"async\" width=\"1118\" height=\"781\" src=\"https:\/\/renovaaconstruction.com\/wp-content\/uploads\/2025\/12\/Diseno-sin-titulo-15.png\" class=\"attachment-full size-full wp-image-2191\" alt=\"\" srcset=\"https:\/\/renovaaconstruction.com\/wp-content\/uploads\/2025\/12\/Diseno-sin-titulo-15.png 1118w, https:\/\/renovaaconstruction.com\/wp-content\/uploads\/2025\/12\/Diseno-sin-titulo-15-300x210.png 300w, https:\/\/renovaaconstruction.com\/wp-content\/uploads\/2025\/12\/Diseno-sin-titulo-15-1024x715.png 1024w, https:\/\/renovaaconstruction.com\/wp-content\/uploads\/2025\/12\/Diseno-sin-titulo-15-768x537.png 768w, https:\/\/renovaaconstruction.com\/wp-content\/uploads\/2025\/12\/Diseno-sin-titulo-15-18x12.png 18w\" sizes=\"(max-width: 1118px) 100vw, 1118px\" \/><\/figure><div class=\"elementor-image-box-content\"><h4 class=\"elementor-image-box-title\">Inspection and Evaluation<\/h4><p class=\"elementor-image-box-description\">Professional diagnosis of the current condition of the roof and detection of leaks or structural faults.<\/p><\/div><\/div>\t\t\t\t<\/div>\n\t\t\t\t<\/div>\n\t\t\t\t<div class=\"elementor-element elementor-element-7ea4c6c8 elementor-widget__width-initial elementor-widget-tablet__width-initial elementor-widget-mobile__width-inherit elementor-position-top elementor-invisible elementor-widget elementor-widget-image-box\" data-id=\"7ea4c6c8\" data-element_type=\"widget\" data-e-type=\"widget\" data-settings=\"{&quot;_animation&quot;:&quot;zoomIn&quot;}\" data-widget_type=\"image-box.default\">\n\t\t\t\t<div class=\"elementor-widget-container\">\n\t\t\t\t\t<div class=\"elementor-image-box-wrapper\"><figure class=\"elementor-image-box-img\"><img decoding=\"async\" width=\"1118\" height=\"781\" src=\"https:\/\/renovaaconstruction.com\/wp-content\/uploads\/2025\/12\/Diseno-sin-titulo-16.png\" class=\"attachment-full size-full wp-image-2193\" alt=\"\" srcset=\"https:\/\/renovaaconstruction.com\/wp-content\/uploads\/2025\/12\/Diseno-sin-titulo-16.png 1118w, https:\/\/renovaaconstruction.com\/wp-content\/uploads\/2025\/12\/Diseno-sin-titulo-16-300x210.png 300w, https:\/\/renovaaconstruction.com\/wp-content\/uploads\/2025\/12\/Diseno-sin-titulo-16-1024x715.png 1024w, https:\/\/renovaaconstruction.com\/wp-content\/uploads\/2025\/12\/Diseno-sin-titulo-16-768x537.png 768w, https:\/\/renovaaconstruction.com\/wp-content\/uploads\/2025\/12\/Diseno-sin-titulo-16-18x12.png 18w\" sizes=\"(max-width: 1118px) 100vw, 1118px\" \/><\/figure><div class=\"elementor-image-box-content\"><h4 class=\"elementor-image-box-title\">Installation of New Roofs<\/h4><p class=\"elementor-image-box-description\">Installation of complete roofs using asphalt, metal, clay, or concrete tiles.<\/p><\/div><\/div>\t\t\t\t<\/div>\n\t\t\t\t<\/div>\n\t\t\t\t\t<\/div>\n\t\t\t\t<\/div>\n\t\t\t\t<\/div>\n\t\t\t\t\t<\/div>\n\t\t\t\t<\/div>\n\t\t<div class=\"elementor-element elementor-element-abc5e84 e-flex e-con-boxed e-con e-parent\" data-id=\"abc5e84\" data-element_type=\"container\" data-e-type=\"container\" data-settings=\"{&quot;shape_divider_top&quot;:&quot;opacity-tilt&quot;,&quot;background_background&quot;:&quot;classic&quot;}\">\n\t\t\t\t\t<div class=\"e-con-inner\">\n\t\t\t\t<div class=\"elementor-shape elementor-shape-top\" aria-hidden=\"true\" data-negative=\"false\">\n\t\t\t<svg xmlns=\"http:\/\/www.w3.org\/2000\/svg\" viewbox=\"0 0 2600 131.1\" preserveaspectratio=\"none\">\n\t<path class=\"elementor-shape-fill\" d=\"M0 0L2600 0 2600 69.1 0 0z\"\/>\n\t<path class=\"elementor-shape-fill\" style=\"opacity:0.5\" d=\"M0 0L2600 0 2600 69.1 0 69.1z\"\/>\n\t<path class=\"elementor-shape-fill\" style=\"opacity:0.25\" d=\"M2600 0L0 0 0 130.1 2600 69.1z\"\/>\n<\/svg>\t\t<\/div>\n\t\t<div class=\"elementor-element elementor-element-4f3d7331 e-con-full e-flex e-con e-child\" data-id=\"4f3d7331\" data-element_type=\"container\" data-e-type=\"container\" data-settings=\"{&quot;background_background&quot;:&quot;gradient&quot;}\">\n\t\t\t\t<div class=\"elementor-element elementor-element-234563fb elementor-widget elementor-widget-heading\" data-id=\"234563fb\" data-element_type=\"widget\" data-e-type=\"widget\" data-widget_type=\"heading.default\">\n\t\t\t\t<div class=\"elementor-widget-container\">\n\t\t\t\t\t<h6 class=\"elementor-heading-title elementor-size-default\">Roof Remodeling<\/h6>\t\t\t\t<\/div>\n\t\t\t\t<\/div>\n\t\t\t\t<div class=\"elementor-element elementor-element-2798f480 elementor-widget elementor-widget-hfe-infocard\" data-id=\"2798f480\" data-element_type=\"widget\" data-e-type=\"widget\" data-widget_type=\"hfe-infocard.default\">\n\t\t\t\t<div class=\"elementor-widget-container\">\n\t\t\t\t\t\n\t\t<div class=\"hfe-infocard\">\n\t\t\t\t\t\t\t\t\t<div class=\"hfe-infocard-title-wrap\">\n\t\t\t\t<h2 class=\"hfe-infocard-title elementor-inline-editing\" data-elementor-setting-key=\"infocard_title\" data-elementor-inline-editing-toolbar=\"basic\" >Schedule an appointment!<\/h2>\t\t\t<\/div>\n\t\t\t\t\t\t<div class=\"hfe-infocard-text-wrap\">\n\t\t\t\t<div class=\"hfe-infocard-text elementor-inline-editing\" data-elementor-setting-key=\"infocard_description\" data-elementor-inline-editing-toolbar=\"advanced\">\n\t\t\t\t\tSchedule an appointment at no additional cost or call us at 405-476-8607 for more information.\t\t\t\t<\/div>\n\t\t\t\t\t\t\t<\/div>\n\t\t<\/div>\n\n\t\t\t\t\t\t<\/div>\n\t\t\t\t<\/div>\n\t\t\t\t<div class=\"elementor-element elementor-element-697d1e76 elementor-align-center elementor-widget elementor-widget-button\" data-id=\"697d1e76\" data-element_type=\"widget\" data-e-type=\"widget\" data-widget_type=\"button.default\">\n\t\t\t\t<div class=\"elementor-widget-container\">\n\t\t\t\t\t\t\t\t\t<div class=\"elementor-button-wrapper\">\n\t\t\t\t\t<a class=\"elementor-button elementor-button-link elementor-size-sm\" href=\"#\">\n\t\t\t\t\t\t<span class=\"elementor-button-content-wrapper\">\n\t\t\t\t\t\t\t\t\t<span class=\"elementor-button-text\">I want to schedule an appointment!<\/span>\n\t\t\t\t\t<\/span>\n\t\t\t\t\t<\/a>\n\t\t\t\t<\/div>\n\t\t\t\t\t\t\t\t<\/div>\n\t\t\t\t<\/div>\n\t\t\t\t<\/div>\n\t\t\t\t\t<\/div>\n\t\t\t\t<\/div>\n\t\t\t\t<\/div>","protected":false},"excerpt":{"rendered":"<p>Remodelaci\u00f3n de Techos \u00a1Conf\u00ede en la experiencia! Servicios Clave Inspecci\u00f3n y Evaluaci\u00f3n Diagn\u00f3stico profesional del estado actual del techo y detecci\u00f3n de fugas o fallas estructurales. Instalaci\u00f3n de Techos Nuevos Colocaci\u00f3n de cubiertas completas utilizando tejas asf\u00e1lticas, met\u00e1licas, de arcilla o de hormig\u00f3n. Remodelaci\u00f3n de techos \u00a1Programar una cita! Agenda una cita sin costo adicional [&hellip;]<\/p>\n","protected":false},"author":1,"featured_media":0,"parent":0,"menu_order":0,"comment_status":"closed","ping_status":"closed","template":"","meta":{"site-sidebar-layout":"no-sidebar","site-content-layout":"page-builder","ast-site-content-layout":"full-width-container","site-content-style":"default","site-sidebar-style":"default","ast-global-header-display":"","ast-banner-title-visibility":"","ast-main-header-display":"","ast-hfb-above-header-display":"","ast-hfb-below-header-display":"","ast-hfb-mobile-header-display":"","site-post-title":"disabled","ast-breadcrumbs-content":"","ast-featured-img":"disabled","footer-sml-layout":"","ast-disable-related-posts":"","theme-transparent-header-meta":"enabled","adv-header-id-meta":"","stick-header-meta":"","header-above-stick-meta":"","header-main-stick-meta":"","header-below-stick-meta":"","astra-migrate-meta-layouts":"set","ast-page-background-enabled":"default","ast-page-background-meta":{"desktop":{"background-color":"var(--ast-global-color-4)","background-image":"","background-repeat":"repeat","background-position":"center center","background-size":"auto","background-attachment":"scroll","background-type":"","background-media":"","overlay-type":"","overlay-color":"","overlay-opacity":"","overlay-gradient":""},"tablet":{"background-color":"","background-image":"","background-repeat":"repeat","background-position":"center center","background-size":"auto","background-attachment":"scroll","background-type":"","background-media":"","overlay-type":"","overlay-color":"","overlay-opacity":"","overlay-gradient":""},"mobile":{"background-color":"","background-image":"","background-repeat":"repeat","background-position":"center center","background-size":"auto","background-attachment":"scroll","background-type":"","background-media":"","overlay-type":"","overlay-color":"","overlay-opacity":"","overlay-gradient":""}},"ast-content-background-meta":{"desktop":{"background-color":"var(--ast-global-color-5)","background-image":"","background-repeat":"repeat","background-position":"center center","background-size":"auto","background-attachment":"scroll","background-type":"","background-media":"","overlay-type":"","overlay-color":"","overlay-opacity":"","overlay-gradient":""},"tablet":{"background-color":"var(--ast-global-color-5)","background-image":"","background-repeat":"repeat","background-position":"center center","background-size":"auto","background-attachment":"scroll","background-type":"","background-media":"","overlay-type":"","overlay-color":"","overlay-opacity":"","overlay-gradient":""},"mobile":{"background-color":"var(--ast-global-color-5)","background-image":"","background-repeat":"repeat","background-position":"center center","background-size":"auto","background-attachment":"scroll","background-type":"","background-media":"","overlay-type":"","overlay-color":"","overlay-opacity":"","overlay-gradient":""}},"_joinchat":[],"footnotes":""},"class_list":["post-2062","page","type-page","status-publish","hentry"],"_hostinger_reach_plugin_has_subscription_block":false,"_hostinger_reach_plugin_is_elementor":false,"_links":{"self":[{"href":"https:\/\/renovaaconstruction.com\/en\/wp-json\/wp\/v2\/pages\/2062","targetHints":{"allow":["GET"]}}],"collection":[{"href":"https:\/\/renovaaconstruction.com\/en\/wp-json\/wp\/v2\/pages"}],"about":[{"href":"https:\/\/renovaaconstruction.com\/en\/wp-json\/wp\/v2\/types\/page"}],"author":[{"embeddable":true,"href":"https:\/\/renovaaconstruction.com\/en\/wp-json\/wp\/v2\/users\/1"}],"replies":[{"embeddable":true,"href":"https:\/\/renovaaconstruction.com\/en\/wp-json\/wp\/v2\/comments?post=2062"}],"version-history":[{"count":34,"href":"https:\/\/renovaaconstruction.com\/en\/wp-json\/wp\/v2\/pages\/2062\/revisions"}],"predecessor-version":[{"id":2357,"href":"https:\/\/renovaaconstruction.com\/en\/wp-json\/wp\/v2\/pages\/2062\/revisions\/2357"}],"wp:attachment":[{"href":"https:\/\/renovaaconstruction.com\/en\/wp-json\/wp\/v2\/media?parent=2062"}],"curies":[{"name":"wp","href":"https:\/\/api.w.org\/{rel}","templated":true}]}}