{"id":2094,"date":"2025-11-21T15:55:26","date_gmt":"2025-11-21T20:55:26","guid":{"rendered":"https:\/\/renovaaconstruction.com\/?page_id=2094"},"modified":"2025-12-08T14:42:03","modified_gmt":"2025-12-08T19:42:03","slug":"arquitectura-diseno-de-interiores-y-diseno-3d","status":"publish","type":"page","link":"https:\/\/renovaaconstruction.com\/en\/arquitectura-diseno-de-interiores-y-diseno-3d\/","title":{"rendered":"Architecture - Interior Design and 3D Design"},"content":{"rendered":"<div data-elementor-type=\"wp-page\" data-elementor-id=\"2094\" class=\"elementor elementor-2094\">\n\t\t\t\t<div class=\"elementor-element elementor-element-77b59b0a e-flex e-con-boxed e-con e-parent\" data-id=\"77b59b0a\" data-element_type=\"container\" data-e-type=\"container\" data-settings=\"{&quot;background_background&quot;:&quot;classic&quot;}\">\n\t\t\t\t\t<div class=\"e-con-inner\">\n\t\t<div class=\"elementor-element elementor-element-372f70b3 e-con-full e-flex e-con e-child\" data-id=\"372f70b3\" data-element_type=\"container\" data-e-type=\"container\">\n\t\t\t\t<div class=\"elementor-element elementor-element-70b67155 elementor-widget elementor-widget-heading\" data-id=\"70b67155\" data-element_type=\"widget\" data-e-type=\"widget\" data-widget_type=\"heading.default\">\n\t\t\t\t<div class=\"elementor-widget-container\">\n\t\t\t\t\t<h1 class=\"elementor-heading-title elementor-size-default\">Architecture - Interior Design and 3D Design<\/h1>\t\t\t\t<\/div>\n\t\t\t\t<\/div>\n\t\t\t\t<\/div>\n\t\t\t\t\t<\/div>\n\t\t\t\t<\/div>\n\t\t<div class=\"elementor-element elementor-element-29464f88 e-flex e-con-boxed e-con e-parent\" data-id=\"29464f88\" data-element_type=\"container\" data-e-type=\"container\" data-settings=\"{&quot;background_background&quot;:&quot;classic&quot;}\">\n\t\t\t\t\t<div class=\"e-con-inner\">\n\t\t<div class=\"elementor-element elementor-element-6c4bf2b6 e-con-full e-flex e-con e-child\" data-id=\"6c4bf2b6\" data-element_type=\"container\" data-e-type=\"container\">\n\t\t\t\t<div class=\"elementor-element elementor-element-7561f756 elementor-widget elementor-widget-heading\" data-id=\"7561f756\" data-element_type=\"widget\" data-e-type=\"widget\" data-widget_type=\"heading.default\">\n\t\t\t\t<div class=\"elementor-widget-container\">\n\t\t\t\t\t<h6 class=\"elementor-heading-title elementor-size-default\">Trust the experience!<\/h6>\t\t\t\t<\/div>\n\t\t\t\t<\/div>\n\t\t\t\t<div class=\"elementor-element elementor-element-422e7e9e elementor-widget elementor-widget-heading\" data-id=\"422e7e9e\" data-element_type=\"widget\" data-e-type=\"widget\" data-widget_type=\"heading.default\">\n\t\t\t\t<div class=\"elementor-widget-container\">\n\t\t\t\t\t<h2 class=\"elementor-heading-title elementor-size-default\">Key Services<\/h2>\t\t\t\t<\/div>\n\t\t\t\t<\/div>\n\t\t<div class=\"elementor-element elementor-element-1eb2f427 e-flex e-con-boxed e-con e-child\" data-id=\"1eb2f427\" data-element_type=\"container\" data-e-type=\"container\">\n\t\t\t\t\t<div class=\"e-con-inner\">\n\t\t\t\t<div class=\"elementor-element elementor-element-33d13bbe elementor-widget__width-initial elementor-widget-tablet__width-initial elementor-widget-mobile__width-inherit elementor-position-top elementor-invisible elementor-widget elementor-widget-image-box\" data-id=\"33d13bbe\" data-element_type=\"widget\" data-e-type=\"widget\" data-settings=\"{&quot;_animation&quot;:&quot;zoomIn&quot;}\" data-widget_type=\"image-box.default\">\n\t\t\t\t<div class=\"elementor-widget-container\">\n\t\t\t\t\t<div class=\"elementor-image-box-wrapper\"><figure class=\"elementor-image-box-img\"><img fetchpriority=\"high\" decoding=\"async\" width=\"1118\" height=\"781\" src=\"https:\/\/renovaaconstruction.com\/wp-content\/uploads\/2025\/12\/Diseno-sin-titulo-29.png\" class=\"attachment-full size-full wp-image-2236\" alt=\"\" srcset=\"https:\/\/renovaaconstruction.com\/wp-content\/uploads\/2025\/12\/Diseno-sin-titulo-29.png 1118w, https:\/\/renovaaconstruction.com\/wp-content\/uploads\/2025\/12\/Diseno-sin-titulo-29-300x210.png 300w, https:\/\/renovaaconstruction.com\/wp-content\/uploads\/2025\/12\/Diseno-sin-titulo-29-1024x715.png 1024w, https:\/\/renovaaconstruction.com\/wp-content\/uploads\/2025\/12\/Diseno-sin-titulo-29-768x537.png 768w, https:\/\/renovaaconstruction.com\/wp-content\/uploads\/2025\/12\/Diseno-sin-titulo-29-18x12.png 18w\" sizes=\"(max-width: 1118px) 100vw, 1118px\" \/><\/figure><div class=\"elementor-image-box-content\"><h4 class=\"elementor-image-box-title\">Architectural Conceptualization<\/h4><p class=\"elementor-image-box-description\">Development of initial ideas, sketches, and layout proposals to optimize space and functionality.<\/p><\/div><\/div>\t\t\t\t<\/div>\n\t\t\t\t<\/div>\n\t\t\t\t<div class=\"elementor-element elementor-element-4be5d54a elementor-widget__width-initial elementor-widget-tablet__width-initial elementor-widget-mobile__width-inherit elementor-position-top elementor-invisible elementor-widget elementor-widget-image-box\" data-id=\"4be5d54a\" data-element_type=\"widget\" data-e-type=\"widget\" data-settings=\"{&quot;_animation&quot;:&quot;zoomIn&quot;}\" data-widget_type=\"image-box.default\">\n\t\t\t\t<div class=\"elementor-widget-container\">\n\t\t\t\t\t<div class=\"elementor-image-box-wrapper\"><figure class=\"elementor-image-box-img\"><img decoding=\"async\" width=\"1118\" height=\"781\" src=\"https:\/\/renovaaconstruction.com\/wp-content\/uploads\/2025\/12\/Diseno-sin-titulo-30.png\" class=\"attachment-full size-full wp-image-2240\" alt=\"\" srcset=\"https:\/\/renovaaconstruction.com\/wp-content\/uploads\/2025\/12\/Diseno-sin-titulo-30.png 1118w, https:\/\/renovaaconstruction.com\/wp-content\/uploads\/2025\/12\/Diseno-sin-titulo-30-300x210.png 300w, https:\/\/renovaaconstruction.com\/wp-content\/uploads\/2025\/12\/Diseno-sin-titulo-30-1024x715.png 1024w, https:\/\/renovaaconstruction.com\/wp-content\/uploads\/2025\/12\/Diseno-sin-titulo-30-768x537.png 768w, https:\/\/renovaaconstruction.com\/wp-content\/uploads\/2025\/12\/Diseno-sin-titulo-30-18x12.png 18w\" sizes=\"(max-width: 1118px) 100vw, 1118px\" \/><\/figure><div class=\"elementor-image-box-content\"><h4 class=\"elementor-image-box-title\">Photorealistic 3D visualization<\/h4><p class=\"elementor-image-box-description\">Generation of 3D renders and virtual tours to view and approve the project prior to construction.<\/p><\/div><\/div>\t\t\t\t<\/div>\n\t\t\t\t<\/div>\n\t\t\t\t<div class=\"elementor-element elementor-element-3fc36138 elementor-widget__width-initial elementor-widget-tablet__width-initial elementor-widget-mobile__width-inherit elementor-position-top elementor-invisible elementor-widget elementor-widget-image-box\" data-id=\"3fc36138\" data-element_type=\"widget\" data-e-type=\"widget\" data-settings=\"{&quot;_animation&quot;:&quot;zoomIn&quot;}\" data-widget_type=\"image-box.default\">\n\t\t\t\t<div class=\"elementor-widget-container\">\n\t\t\t\t\t<div class=\"elementor-image-box-wrapper\"><figure class=\"elementor-image-box-img\"><img decoding=\"async\" width=\"1118\" height=\"781\" src=\"https:\/\/renovaaconstruction.com\/wp-content\/uploads\/2025\/12\/Diseno-sin-titulo-31.png\" class=\"attachment-full size-full wp-image-2242\" alt=\"\" srcset=\"https:\/\/renovaaconstruction.com\/wp-content\/uploads\/2025\/12\/Diseno-sin-titulo-31.png 1118w, https:\/\/renovaaconstruction.com\/wp-content\/uploads\/2025\/12\/Diseno-sin-titulo-31-300x210.png 300w, https:\/\/renovaaconstruction.com\/wp-content\/uploads\/2025\/12\/Diseno-sin-titulo-31-1024x715.png 1024w, https:\/\/renovaaconstruction.com\/wp-content\/uploads\/2025\/12\/Diseno-sin-titulo-31-768x537.png 768w, https:\/\/renovaaconstruction.com\/wp-content\/uploads\/2025\/12\/Diseno-sin-titulo-31-18x12.png 18w\" sizes=\"(max-width: 1118px) 100vw, 1118px\" \/><\/figure><div class=\"elementor-image-box-content\"><h4 class=\"elementor-image-box-title\">Preparation of Technical Drawings<\/h4><p class=\"elementor-image-box-description\">Production of working drawings (sections, elevations, details) necessary for obtaining permits and construction.<\/p><\/div><\/div>\t\t\t\t<\/div>\n\t\t\t\t<\/div>\n\t\t\t\t\t<\/div>\n\t\t\t\t<\/div>\n\t\t\t\t<\/div>\n\t\t\t\t\t<\/div>\n\t\t\t\t<\/div>\n\t\t<div class=\"elementor-element elementor-element-7fa318b8 e-flex e-con-boxed e-con e-parent\" data-id=\"7fa318b8\" data-element_type=\"container\" data-e-type=\"container\" data-settings=\"{&quot;shape_divider_top&quot;:&quot;opacity-tilt&quot;,&quot;background_background&quot;:&quot;classic&quot;}\">\n\t\t\t\t\t<div class=\"e-con-inner\">\n\t\t\t\t<div class=\"elementor-shape elementor-shape-top\" aria-hidden=\"true\" data-negative=\"false\">\n\t\t\t<svg xmlns=\"http:\/\/www.w3.org\/2000\/svg\" viewbox=\"0 0 2600 131.1\" preserveaspectratio=\"none\">\n\t<path class=\"elementor-shape-fill\" d=\"M0 0L2600 0 2600 69.1 0 0z\"\/>\n\t<path class=\"elementor-shape-fill\" style=\"opacity:0.5\" d=\"M0 0L2600 0 2600 69.1 0 69.1z\"\/>\n\t<path class=\"elementor-shape-fill\" style=\"opacity:0.25\" d=\"M2600 0L0 0 0 130.1 2600 69.1z\"\/>\n<\/svg>\t\t<\/div>\n\t\t<div class=\"elementor-element elementor-element-1cc055c7 e-con-full e-flex e-con e-child\" data-id=\"1cc055c7\" data-element_type=\"container\" data-e-type=\"container\" data-settings=\"{&quot;background_background&quot;:&quot;gradient&quot;}\">\n\t\t\t\t<div class=\"elementor-element elementor-element-1aad185f elementor-widget elementor-widget-heading\" data-id=\"1aad185f\" data-element_type=\"widget\" data-e-type=\"widget\" data-widget_type=\"heading.default\">\n\t\t\t\t<div class=\"elementor-widget-container\">\n\t\t\t\t\t<h6 class=\"elementor-heading-title elementor-size-default\">Architecture - Interior Design and 3D Design<\/h6>\t\t\t\t<\/div>\n\t\t\t\t<\/div>\n\t\t\t\t<div class=\"elementor-element elementor-element-2286bd1e elementor-widget elementor-widget-hfe-infocard\" data-id=\"2286bd1e\" data-element_type=\"widget\" data-e-type=\"widget\" data-widget_type=\"hfe-infocard.default\">\n\t\t\t\t<div class=\"elementor-widget-container\">\n\t\t\t\t\t\n\t\t<div class=\"hfe-infocard\">\n\t\t\t\t\t\t\t\t\t<div class=\"hfe-infocard-title-wrap\">\n\t\t\t\t<h2 class=\"hfe-infocard-title elementor-inline-editing\" data-elementor-setting-key=\"infocard_title\" data-elementor-inline-editing-toolbar=\"basic\" >Schedule an appointment!<\/h2>\t\t\t<\/div>\n\t\t\t\t\t\t<div class=\"hfe-infocard-text-wrap\">\n\t\t\t\t<div class=\"hfe-infocard-text elementor-inline-editing\" data-elementor-setting-key=\"infocard_description\" data-elementor-inline-editing-toolbar=\"advanced\">\n\t\t\t\t\tSchedule an appointment at no additional cost or call us at 405-476-8607 for more information.\t\t\t\t<\/div>\n\t\t\t\t\t\t\t<\/div>\n\t\t<\/div>\n\n\t\t\t\t\t\t<\/div>\n\t\t\t\t<\/div>\n\t\t\t\t<div class=\"elementor-element elementor-element-46447f16 elementor-align-center elementor-widget elementor-widget-button\" data-id=\"46447f16\" data-element_type=\"widget\" data-e-type=\"widget\" data-widget_type=\"button.default\">\n\t\t\t\t<div class=\"elementor-widget-container\">\n\t\t\t\t\t\t\t\t\t<div class=\"elementor-button-wrapper\">\n\t\t\t\t\t<a class=\"elementor-button elementor-button-link elementor-size-sm\" href=\"#\">\n\t\t\t\t\t\t<span class=\"elementor-button-content-wrapper\">\n\t\t\t\t\t\t\t\t\t<span class=\"elementor-button-text\">I want to schedule an appointment!<\/span>\n\t\t\t\t\t<\/span>\n\t\t\t\t\t<\/a>\n\t\t\t\t<\/div>\n\t\t\t\t\t\t\t\t<\/div>\n\t\t\t\t<\/div>\n\t\t\t\t<\/div>\n\t\t\t\t\t<\/div>\n\t\t\t\t<\/div>\n\t\t\t\t<\/div>","protected":false},"excerpt":{"rendered":"<p>Arquitectura &#8211; Dise\u00f1o de Interiores y Dise\u00f1o 3D \u00a1Conf\u00ede en la experiencia! Servicios Clave Conceptualizaci\u00f3n Arquitect\u00f3nica Desarrollo de ideas iniciales, bocetos y propuestas de distribuci\u00f3n para optimizar el espacio y la funcionalidad. Visualizaci\u00f3n 3D Fotorrealista Generaci\u00f3n de renders 3D y recorridos virtuales para ver y aprobar el proyecto antes de la construcci\u00f3n. Elaboraci\u00f3n de Planos [&hellip;]<\/p>\n","protected":false},"author":1,"featured_media":0,"parent":0,"menu_order":0,"comment_status":"closed","ping_status":"closed","template":"","meta":{"site-sidebar-layout":"no-sidebar","site-content-layout":"page-builder","ast-site-content-layout":"full-width-container","site-content-style":"default","site-sidebar-style":"default","ast-global-header-display":"","ast-banner-title-visibility":"","ast-main-header-display":"","ast-hfb-above-header-display":"","ast-hfb-below-header-display":"","ast-hfb-mobile-header-display":"","site-post-title":"disabled","ast-breadcrumbs-content":"","ast-featured-img":"disabled","footer-sml-layout":"","ast-disable-related-posts":"","theme-transparent-header-meta":"enabled","adv-header-id-meta":"","stick-header-meta":"","header-above-stick-meta":"","header-main-stick-meta":"","header-below-stick-meta":"","astra-migrate-meta-layouts":"set","ast-page-background-enabled":"default","ast-page-background-meta":{"desktop":{"background-color":"var(--ast-global-color-4)","background-image":"","background-repeat":"repeat","background-position":"center center","background-size":"auto","background-attachment":"scroll","background-type":"","background-media":"","overlay-type":"","overlay-color":"","overlay-opacity":"","overlay-gradient":""},"tablet":{"background-color":"","background-image":"","background-repeat":"repeat","background-position":"center center","background-size":"auto","background-attachment":"scroll","background-type":"","background-media":"","overlay-type":"","overlay-color":"","overlay-opacity":"","overlay-gradient":""},"mobile":{"background-color":"","background-image":"","background-repeat":"repeat","background-position":"center center","background-size":"auto","background-attachment":"scroll","background-type":"","background-media":"","overlay-type":"","overlay-color":"","overlay-opacity":"","overlay-gradient":""}},"ast-content-background-meta":{"desktop":{"background-color":"var(--ast-global-color-5)","background-image":"","background-repeat":"repeat","background-position":"center center","background-size":"auto","background-attachment":"scroll","background-type":"","background-media":"","overlay-type":"","overlay-color":"","overlay-opacity":"","overlay-gradient":""},"tablet":{"background-color":"var(--ast-global-color-5)","background-image":"","background-repeat":"repeat","background-position":"center center","background-size":"auto","background-attachment":"scroll","background-type":"","background-media":"","overlay-type":"","overlay-color":"","overlay-opacity":"","overlay-gradient":""},"mobile":{"background-color":"var(--ast-global-color-5)","background-image":"","background-repeat":"repeat","background-position":"center center","background-size":"auto","background-attachment":"scroll","background-type":"","background-media":"","overlay-type":"","overlay-color":"","overlay-opacity":"","overlay-gradient":""}},"_joinchat":[],"footnotes":""},"class_list":["post-2094","page","type-page","status-publish","hentry"],"_hostinger_reach_plugin_has_subscription_block":false,"_hostinger_reach_plugin_is_elementor":false,"_links":{"self":[{"href":"https:\/\/renovaaconstruction.com\/en\/wp-json\/wp\/v2\/pages\/2094","targetHints":{"allow":["GET"]}}],"collection":[{"href":"https:\/\/renovaaconstruction.com\/en\/wp-json\/wp\/v2\/pages"}],"about":[{"href":"https:\/\/renovaaconstruction.com\/en\/wp-json\/wp\/v2\/types\/page"}],"author":[{"embeddable":true,"href":"https:\/\/renovaaconstruction.com\/en\/wp-json\/wp\/v2\/users\/1"}],"replies":[{"embeddable":true,"href":"https:\/\/renovaaconstruction.com\/en\/wp-json\/wp\/v2\/comments?post=2094"}],"version-history":[{"count":26,"href":"https:\/\/renovaaconstruction.com\/en\/wp-json\/wp\/v2\/pages\/2094\/revisions"}],"predecessor-version":[{"id":2342,"href":"https:\/\/renovaaconstruction.com\/en\/wp-json\/wp\/v2\/pages\/2094\/revisions\/2342"}],"wp:attachment":[{"href":"https:\/\/renovaaconstruction.com\/en\/wp-json\/wp\/v2\/media?parent=2094"}],"curies":[{"name":"wp","href":"https:\/\/api.w.org\/{rel}","templated":true}]}}