{"id":2290,"date":"2025-12-08T13:37:10","date_gmt":"2025-12-08T18:37:10","guid":{"rendered":"https:\/\/renovaaconstruction.com\/?page_id=2290"},"modified":"2025-12-08T14:20:36","modified_gmt":"2025-12-08T19:20:36","slug":"gestion-de-proyectos-residenciales-comerciales","status":"publish","type":"page","link":"https:\/\/renovaaconstruction.com\/en\/gestion-de-proyectos-residenciales-comerciales\/","title":{"rendered":"Residential\/Commercial Project Management"},"content":{"rendered":"<div data-elementor-type=\"wp-page\" data-elementor-id=\"2290\" class=\"elementor elementor-2290\">\n\t\t\t\t<div class=\"elementor-element elementor-element-47f8f18f e-flex e-con-boxed e-con e-parent\" data-id=\"47f8f18f\" data-element_type=\"container\" data-e-type=\"container\" data-settings=\"{&quot;background_background&quot;:&quot;classic&quot;}\">\n\t\t\t\t\t<div class=\"e-con-inner\">\n\t\t<div class=\"elementor-element elementor-element-5da90672 e-con-full e-flex e-con e-child\" data-id=\"5da90672\" data-element_type=\"container\" data-e-type=\"container\">\n\t\t\t\t<div class=\"elementor-element elementor-element-5ad0de72 elementor-widget elementor-widget-heading\" data-id=\"5ad0de72\" data-element_type=\"widget\" data-e-type=\"widget\" data-widget_type=\"heading.default\">\n\t\t\t\t<div class=\"elementor-widget-container\">\n\t\t\t\t\t<h1 class=\"elementor-heading-title elementor-size-default\">Project Management<\/h1>\t\t\t\t<\/div>\n\t\t\t\t<\/div>\n\t\t\t\t<\/div>\n\t\t\t\t\t<\/div>\n\t\t\t\t<\/div>\n\t\t<div class=\"elementor-element elementor-element-2928ebef e-flex e-con-boxed e-con e-parent\" data-id=\"2928ebef\" data-element_type=\"container\" data-e-type=\"container\" data-settings=\"{&quot;background_background&quot;:&quot;classic&quot;}\">\n\t\t\t\t\t<div class=\"e-con-inner\">\n\t\t<div class=\"elementor-element elementor-element-a022f2d e-con-full e-flex e-con e-child\" data-id=\"a022f2d\" data-element_type=\"container\" data-e-type=\"container\">\n\t\t\t\t<div class=\"elementor-element elementor-element-4e2bd577 elementor-widget elementor-widget-heading\" data-id=\"4e2bd577\" data-element_type=\"widget\" data-e-type=\"widget\" data-widget_type=\"heading.default\">\n\t\t\t\t<div class=\"elementor-widget-container\">\n\t\t\t\t\t<h6 class=\"elementor-heading-title elementor-size-default\">Trust the experience!<\/h6>\t\t\t\t<\/div>\n\t\t\t\t<\/div>\n\t\t\t\t<div class=\"elementor-element elementor-element-7394c38f elementor-widget elementor-widget-heading\" data-id=\"7394c38f\" data-element_type=\"widget\" data-e-type=\"widget\" data-widget_type=\"heading.default\">\n\t\t\t\t<div class=\"elementor-widget-container\">\n\t\t\t\t\t<h2 class=\"elementor-heading-title elementor-size-default\">Key Services<\/h2>\t\t\t\t<\/div>\n\t\t\t\t<\/div>\n\t\t<div class=\"elementor-element elementor-element-4f3f9158 e-flex e-con-boxed e-con e-child\" data-id=\"4f3f9158\" data-element_type=\"container\" data-e-type=\"container\">\n\t\t\t\t\t<div class=\"e-con-inner\">\n\t\t\t\t<div class=\"elementor-element elementor-element-19c84bb4 elementor-widget__width-initial elementor-widget-tablet__width-initial elementor-widget-mobile__width-inherit elementor-position-top elementor-invisible elementor-widget elementor-widget-image-box\" data-id=\"19c84bb4\" data-element_type=\"widget\" data-e-type=\"widget\" data-settings=\"{&quot;_animation&quot;:&quot;zoomIn&quot;}\" data-widget_type=\"image-box.default\">\n\t\t\t\t<div class=\"elementor-widget-container\">\n\t\t\t\t\t<div class=\"elementor-image-box-wrapper\"><figure class=\"elementor-image-box-img\"><img fetchpriority=\"high\" decoding=\"async\" width=\"1118\" height=\"781\" src=\"https:\/\/renovaaconstruction.com\/wp-content\/uploads\/2025\/11\/15.png\" class=\"attachment-full size-full wp-image-2181\" alt=\"\" srcset=\"https:\/\/renovaaconstruction.com\/wp-content\/uploads\/2025\/11\/15.png 1118w, https:\/\/renovaaconstruction.com\/wp-content\/uploads\/2025\/11\/15-300x210.png 300w, https:\/\/renovaaconstruction.com\/wp-content\/uploads\/2025\/11\/15-1024x715.png 1024w, https:\/\/renovaaconstruction.com\/wp-content\/uploads\/2025\/11\/15-768x537.png 768w, https:\/\/renovaaconstruction.com\/wp-content\/uploads\/2025\/11\/15-18x12.png 18w\" sizes=\"(max-width: 1118px) 100vw, 1118px\" \/><\/figure><div class=\"elementor-image-box-content\"><h4 class=\"elementor-image-box-title\">Project Planning and Scope<\/h4><p class=\"elementor-image-box-description\">Precise definition of objectives, detailed timelines, and work breakdown structure (WBS) to ensure feasibility.<\/p><\/div><\/div>\t\t\t\t<\/div>\n\t\t\t\t<\/div>\n\t\t\t\t<div class=\"elementor-element elementor-element-27d784ac elementor-widget__width-initial elementor-widget-tablet__width-initial elementor-widget-mobile__width-inherit elementor-position-top elementor-invisible elementor-widget elementor-widget-image-box\" data-id=\"27d784ac\" data-element_type=\"widget\" data-e-type=\"widget\" data-settings=\"{&quot;_animation&quot;:&quot;zoomIn&quot;}\" data-widget_type=\"image-box.default\">\n\t\t\t\t<div class=\"elementor-widget-container\">\n\t\t\t\t\t<div class=\"elementor-image-box-wrapper\"><figure class=\"elementor-image-box-img\"><img decoding=\"async\" width=\"1118\" height=\"781\" src=\"https:\/\/renovaaconstruction.com\/wp-content\/uploads\/2025\/12\/Diseno-sin-titulo-36.png\" class=\"attachment-full size-full wp-image-2309\" alt=\"\" srcset=\"https:\/\/renovaaconstruction.com\/wp-content\/uploads\/2025\/12\/Diseno-sin-titulo-36.png 1118w, https:\/\/renovaaconstruction.com\/wp-content\/uploads\/2025\/12\/Diseno-sin-titulo-36-300x210.png 300w, https:\/\/renovaaconstruction.com\/wp-content\/uploads\/2025\/12\/Diseno-sin-titulo-36-1024x715.png 1024w, https:\/\/renovaaconstruction.com\/wp-content\/uploads\/2025\/12\/Diseno-sin-titulo-36-768x537.png 768w, https:\/\/renovaaconstruction.com\/wp-content\/uploads\/2025\/12\/Diseno-sin-titulo-36-18x12.png 18w\" sizes=\"(max-width: 1118px) 100vw, 1118px\" \/><\/figure><div class=\"elementor-image-box-content\"><h4 class=\"elementor-image-box-title\">Budget Management and Cost Control<\/h4><p class=\"elementor-image-box-description\">Creation of transparent budgets, constant monitoring of expenses, and efficient management of change orders.<\/p><\/div><\/div>\t\t\t\t<\/div>\n\t\t\t\t<\/div>\n\t\t\t\t<div class=\"elementor-element elementor-element-2545545a elementor-widget__width-initial elementor-widget-tablet__width-initial elementor-widget-mobile__width-inherit elementor-position-top elementor-invisible elementor-widget elementor-widget-image-box\" data-id=\"2545545a\" data-element_type=\"widget\" data-e-type=\"widget\" data-settings=\"{&quot;_animation&quot;:&quot;zoomIn&quot;}\" data-widget_type=\"image-box.default\">\n\t\t\t\t<div class=\"elementor-widget-container\">\n\t\t\t\t\t<div class=\"elementor-image-box-wrapper\"><figure class=\"elementor-image-box-img\"><img decoding=\"async\" width=\"1118\" height=\"781\" src=\"https:\/\/renovaaconstruction.com\/wp-content\/uploads\/2025\/12\/Diseno-sin-titulo-37.png\" class=\"attachment-full size-full wp-image-2313\" alt=\"\" srcset=\"https:\/\/renovaaconstruction.com\/wp-content\/uploads\/2025\/12\/Diseno-sin-titulo-37.png 1118w, https:\/\/renovaaconstruction.com\/wp-content\/uploads\/2025\/12\/Diseno-sin-titulo-37-300x210.png 300w, https:\/\/renovaaconstruction.com\/wp-content\/uploads\/2025\/12\/Diseno-sin-titulo-37-1024x715.png 1024w, https:\/\/renovaaconstruction.com\/wp-content\/uploads\/2025\/12\/Diseno-sin-titulo-37-768x537.png 768w, https:\/\/renovaaconstruction.com\/wp-content\/uploads\/2025\/12\/Diseno-sin-titulo-37-18x12.png 18w\" sizes=\"(max-width: 1118px) 100vw, 1118px\" \/><\/figure><div class=\"elementor-image-box-content\"><h4 class=\"elementor-image-box-title\">Procurement and Contracting<\/h4><p class=\"elementor-image-box-description\">Selection, negotiation, and coordination of subcontractors, suppliers, and specialized labor.<\/p><\/div><\/div>\t\t\t\t<\/div>\n\t\t\t\t<\/div>\n\t\t\t\t\t<\/div>\n\t\t\t\t<\/div>\n\t\t\t\t<\/div>\n\t\t\t\t\t<\/div>\n\t\t\t\t<\/div>\n\t\t<div class=\"elementor-element elementor-element-2b06d6df e-flex e-con-boxed e-con e-parent\" data-id=\"2b06d6df\" data-element_type=\"container\" data-e-type=\"container\" data-settings=\"{&quot;shape_divider_top&quot;:&quot;opacity-tilt&quot;,&quot;background_background&quot;:&quot;classic&quot;}\">\n\t\t\t\t\t<div class=\"e-con-inner\">\n\t\t\t\t<div class=\"elementor-shape elementor-shape-top\" aria-hidden=\"true\" data-negative=\"false\">\n\t\t\t<svg xmlns=\"http:\/\/www.w3.org\/2000\/svg\" viewbox=\"0 0 2600 131.1\" preserveaspectratio=\"none\">\n\t<path class=\"elementor-shape-fill\" d=\"M0 0L2600 0 2600 69.1 0 0z\"\/>\n\t<path class=\"elementor-shape-fill\" style=\"opacity:0.5\" d=\"M0 0L2600 0 2600 69.1 0 69.1z\"\/>\n\t<path class=\"elementor-shape-fill\" style=\"opacity:0.25\" d=\"M2600 0L0 0 0 130.1 2600 69.1z\"\/>\n<\/svg>\t\t<\/div>\n\t\t<div class=\"elementor-element elementor-element-3b35f757 e-con-full e-flex e-con e-child\" data-id=\"3b35f757\" data-element_type=\"container\" data-e-type=\"container\" data-settings=\"{&quot;background_background&quot;:&quot;gradient&quot;}\">\n\t\t\t\t<div class=\"elementor-element elementor-element-481fc700 elementor-widget elementor-widget-heading\" data-id=\"481fc700\" data-element_type=\"widget\" data-e-type=\"widget\" data-widget_type=\"heading.default\">\n\t\t\t\t<div class=\"elementor-widget-container\">\n\t\t\t\t\t<h6 class=\"elementor-heading-title elementor-size-default\">Project Management Services<\/h6>\t\t\t\t<\/div>\n\t\t\t\t<\/div>\n\t\t\t\t<div class=\"elementor-element elementor-element-3a9dab66 elementor-widget elementor-widget-hfe-infocard\" data-id=\"3a9dab66\" data-element_type=\"widget\" data-e-type=\"widget\" data-widget_type=\"hfe-infocard.default\">\n\t\t\t\t<div class=\"elementor-widget-container\">\n\t\t\t\t\t\n\t\t<div class=\"hfe-infocard\">\n\t\t\t\t\t\t\t\t\t<div class=\"hfe-infocard-title-wrap\">\n\t\t\t\t<h2 class=\"hfe-infocard-title elementor-inline-editing\" data-elementor-setting-key=\"infocard_title\" data-elementor-inline-editing-toolbar=\"basic\" >Schedule an appointment!<\/h2>\t\t\t<\/div>\n\t\t\t\t\t\t<div class=\"hfe-infocard-text-wrap\">\n\t\t\t\t<div class=\"hfe-infocard-text elementor-inline-editing\" data-elementor-setting-key=\"infocard_description\" data-elementor-inline-editing-toolbar=\"advanced\">\n\t\t\t\t\tSchedule an appointment at no additional cost or call us at 405-476-8607 for more information.\t\t\t\t<\/div>\n\t\t\t\t\t\t\t<\/div>\n\t\t<\/div>\n\n\t\t\t\t\t\t<\/div>\n\t\t\t\t<\/div>\n\t\t\t\t<div class=\"elementor-element elementor-element-2f7fd5d0 elementor-align-center elementor-widget elementor-widget-button\" data-id=\"2f7fd5d0\" data-element_type=\"widget\" data-e-type=\"widget\" data-widget_type=\"button.default\">\n\t\t\t\t<div class=\"elementor-widget-container\">\n\t\t\t\t\t\t\t\t\t<div class=\"elementor-button-wrapper\">\n\t\t\t\t\t<a class=\"elementor-button elementor-button-link elementor-size-sm\" href=\"#\">\n\t\t\t\t\t\t<span class=\"elementor-button-content-wrapper\">\n\t\t\t\t\t\t\t\t\t<span class=\"elementor-button-text\">I want to schedule an appointment!<\/span>\n\t\t\t\t\t<\/span>\n\t\t\t\t\t<\/a>\n\t\t\t\t<\/div>\n\t\t\t\t\t\t\t\t<\/div>\n\t\t\t\t<\/div>\n\t\t\t\t<\/div>\n\t\t\t\t\t<\/div>\n\t\t\t\t<\/div>\n\t\t\t\t<\/div>","protected":false},"excerpt":{"rendered":"<p>Gesti\u00f3n de Proyectos \u00a1Conf\u00ede en la experiencia! Servicios clave Planificaci\u00f3n y Alcance del Proyecto Definici\u00f3n precisa de objetivos, cronogramas detallados y desglose de tareas (WBS) para asegurar la viabilidad. Gesti\u00f3n Presupuestaria y Control de Costos Creaci\u00f3n de presupuestos transparentes, monitoreo constante de gastos y manejo eficiente de \u00f3rdenes de cambio. Adquisiciones y Contrataci\u00f3n Selecci\u00f3n, negociaci\u00f3n [&hellip;]<\/p>\n","protected":false},"author":1,"featured_media":0,"parent":0,"menu_order":0,"comment_status":"closed","ping_status":"closed","template":"","meta":{"site-sidebar-layout":"no-sidebar","site-content-layout":"page-builder","ast-site-content-layout":"full-width-container","site-content-style":"default","site-sidebar-style":"default","ast-global-header-display":"","ast-banner-title-visibility":"","ast-main-header-display":"","ast-hfb-above-header-display":"","ast-hfb-below-header-display":"","ast-hfb-mobile-header-display":"","site-post-title":"disabled","ast-breadcrumbs-content":"","ast-featured-img":"disabled","footer-sml-layout":"","ast-disable-related-posts":"","theme-transparent-header-meta":"enabled","adv-header-id-meta":"","stick-header-meta":"","header-above-stick-meta":"","header-main-stick-meta":"","header-below-stick-meta":"","astra-migrate-meta-layouts":"set","ast-page-background-enabled":"default","ast-page-background-meta":{"desktop":{"background-color":"var(--ast-global-color-4)","background-image":"","background-repeat":"repeat","background-position":"center center","background-size":"auto","background-attachment":"scroll","background-type":"","background-media":"","overlay-type":"","overlay-color":"","overlay-opacity":"","overlay-gradient":""},"tablet":{"background-color":"","background-image":"","background-repeat":"repeat","background-position":"center center","background-size":"auto","background-attachment":"scroll","background-type":"","background-media":"","overlay-type":"","overlay-color":"","overlay-opacity":"","overlay-gradient":""},"mobile":{"background-color":"","background-image":"","background-repeat":"repeat","background-position":"center center","background-size":"auto","background-attachment":"scroll","background-type":"","background-media":"","overlay-type":"","overlay-color":"","overlay-opacity":"","overlay-gradient":""}},"ast-content-background-meta":{"desktop":{"background-color":"var(--ast-global-color-5)","background-image":"","background-repeat":"repeat","background-position":"center center","background-size":"auto","background-attachment":"scroll","background-type":"","background-media":"","overlay-type":"","overlay-color":"","overlay-opacity":"","overlay-gradient":""},"tablet":{"background-color":"var(--ast-global-color-5)","background-image":"","background-repeat":"repeat","background-position":"center center","background-size":"auto","background-attachment":"scroll","background-type":"","background-media":"","overlay-type":"","overlay-color":"","overlay-opacity":"","overlay-gradient":""},"mobile":{"background-color":"var(--ast-global-color-5)","background-image":"","background-repeat":"repeat","background-position":"center center","background-size":"auto","background-attachment":"scroll","background-type":"","background-media":"","overlay-type":"","overlay-color":"","overlay-opacity":"","overlay-gradient":""}},"_joinchat":[],"footnotes":""},"class_list":["post-2290","page","type-page","status-publish","hentry"],"_hostinger_reach_plugin_has_subscription_block":false,"_hostinger_reach_plugin_is_elementor":false,"_links":{"self":[{"href":"https:\/\/renovaaconstruction.com\/en\/wp-json\/wp\/v2\/pages\/2290","targetHints":{"allow":["GET"]}}],"collection":[{"href":"https:\/\/renovaaconstruction.com\/en\/wp-json\/wp\/v2\/pages"}],"about":[{"href":"https:\/\/renovaaconstruction.com\/en\/wp-json\/wp\/v2\/types\/page"}],"author":[{"embeddable":true,"href":"https:\/\/renovaaconstruction.com\/en\/wp-json\/wp\/v2\/users\/1"}],"replies":[{"embeddable":true,"href":"https:\/\/renovaaconstruction.com\/en\/wp-json\/wp\/v2\/comments?post=2290"}],"version-history":[{"count":28,"href":"https:\/\/renovaaconstruction.com\/en\/wp-json\/wp\/v2\/pages\/2290\/revisions"}],"predecessor-version":[{"id":2327,"href":"https:\/\/renovaaconstruction.com\/en\/wp-json\/wp\/v2\/pages\/2290\/revisions\/2327"}],"wp:attachment":[{"href":"https:\/\/renovaaconstruction.com\/en\/wp-json\/wp\/v2\/media?parent=2290"}],"curies":[{"name":"wp","href":"https:\/\/api.w.org\/{rel}","templated":true}]}}